{"id":15,"date":"2024-03-22T20:06:52","date_gmt":"2024-03-22T20:06:52","guid":{"rendered":"https:\/\/cabogpower.com\/home\/"},"modified":"2025-12-07T14:29:57","modified_gmt":"2025-12-07T14:29:57","slug":"home","status":"publish","type":"page","link":"https:\/\/cabogpower.com\/es\/","title":{"rendered":"Inicio"},"content":{"rendered":"<div class=\"nfd-container nfd-bg-surface nfd-theme-white is-style-nfd-theme-white wp-block-group is-layout-constrained wp-block-group-is-layout-constrained\">\n<div class=\"nfd-text-base nfd-gap-3xl wp-block-columns are-vertically-aligned-center is-layout-flex wp-container-core-columns-is-layout-28f84493 wp-block-columns-is-layout-flex\">\n<div class=\"md:nfd-order-2 nfd-text-md wp-block-column is-vertically-aligned-center is-layout-flow wp-container-core-column-is-layout-8eebadab wp-block-column-is-layout-flow\" style=\"flex-basis:50%\">\n<div class=\"nfd-gap-lg wp-block-group is-vertical is-layout-flex wp-container-core-group-is-layout-fe9cc265 wp-block-group-is-layout-flex\">\n<p class=\"nfd-text-balance\">La misi\u00f3n de CABO-G Power es hacer que la energ\u00eda renovable sea accesible para todos. Contamos con la experiencia para adaptar la mejor tecnolog\u00eda disponible a tus necesidades.<\/p>\n\n\n\n<p class=\"nfd-text-balance\">En CABO-G Power ofrecemos al mercado en M\u00e9xico soluciones integrales de energ\u00eda renovable, que incluyen la instalaci\u00f3n de paneles solares, inversores y bater\u00edas para sistemas interconectados y aislados, as\u00ed como soluciones de aprovechamiento de residuos (waste-to-value). Nuestro enfoque de servicio completo garantiza una transici\u00f3n fluida hacia la energ\u00eda renovable, desde la consulta inicial y el dise\u00f1o personalizado hasta la instalaci\u00f3n final y el mantenimiento continuo.<\/p>\n\n\n\n<div style=\"height:0px\" aria-hidden=\"true\" class=\"wp-block-spacer wp-container-content-9760934e\"><\/div>\n\n\n\n<div class=\"wp-block-buttons is-horizontal is-content-justification-left is-layout-flex wp-container-core-buttons-is-layout-c4719c80 wp-block-buttons-is-layout-flex\">\n<div class=\"nfd-btn-lg  wp-block-button\"><a class=\"wp-block-button__link wp-element-button\" href=\"https:\/\/cabogpower.com\/es\/quotation\/\">Presupuesto gratuito<\/a><\/div>\n<\/div>\n<\/div>\n<\/div>\n\n\n\n<div class=\"wp-block-column is-vertically-aligned-center is-layout-flow wp-container-core-column-is-layout-8a368f38 wp-block-column-is-layout-flow\" style=\"flex-basis:50%\">\n<div class=\"nfd-grid nfd-grid-cols-9 nfd-grid-rows-1 nfd-items-center wp-block-group is-layout-flow wp-container-core-group-is-layout-a77db08e wp-block-group-is-layout-flow\">\n<figure class=\"nfd-col-start-1 nfd-col-end-7 nfd-row-start-1 nfd-rounded wp-block-image size-large\"><img data-recalc-dims=\"1\" fetchpriority=\"high\" decoding=\"async\" width=\"1024\" height=\"1024\" src=\"https:\/\/i0.wp.com\/cabogpower.com\/wp-content\/uploads\/2024\/05\/ahorrosolar.jpg?resize=1024%2C1024&#038;ssl=1\" alt=\"\" class=\"wp-image-157\" style=\"aspect-ratio:2\/3;object-fit:cover\" srcset=\"https:\/\/i0.wp.com\/cabogpower.com\/wp-content\/uploads\/2024\/05\/ahorrosolar.jpg?resize=1024%2C1024&amp;ssl=1 1024w, https:\/\/i0.wp.com\/cabogpower.com\/wp-content\/uploads\/2024\/05\/ahorrosolar.jpg?resize=300%2C300&amp;ssl=1 300w, https:\/\/i0.wp.com\/cabogpower.com\/wp-content\/uploads\/2024\/05\/ahorrosolar.jpg?resize=150%2C150&amp;ssl=1 150w, https:\/\/i0.wp.com\/cabogpower.com\/wp-content\/uploads\/2024\/05\/ahorrosolar.jpg?resize=768%2C768&amp;ssl=1 768w, https:\/\/i0.wp.com\/cabogpower.com\/wp-content\/uploads\/2024\/05\/ahorrosolar.jpg?resize=1536%2C1536&amp;ssl=1 1536w, https:\/\/i0.wp.com\/cabogpower.com\/wp-content\/uploads\/2024\/05\/ahorrosolar.jpg?resize=600%2C600&amp;ssl=1 600w, https:\/\/i0.wp.com\/cabogpower.com\/wp-content\/uploads\/2024\/05\/ahorrosolar.jpg?w=2048&amp;ssl=1 2048w\" sizes=\"(max-width: 1000px) 100vw, 1000px\" \/><\/figure>\n\n\n\n<figure class=\"nfd-col-start-5 nfd-col-end-13 nfd-row-start-1 nfd-border-bg nfd-rounded wp-block-image size-large has-custom-border\"><img data-recalc-dims=\"1\" decoding=\"async\" width=\"1024\" height=\"1024\" src=\"https:\/\/i0.wp.com\/cabogpower.com\/wp-content\/uploads\/2024\/05\/IAPANEL.jpg?resize=1024%2C1024&#038;ssl=1\" alt=\"\" class=\"wp-image-158\" style=\"border-left-width:3px;aspect-ratio:2\/3;object-fit:cover\" srcset=\"https:\/\/i0.wp.com\/cabogpower.com\/wp-content\/uploads\/2024\/05\/IAPANEL.jpg?resize=1024%2C1024&amp;ssl=1 1024w, https:\/\/i0.wp.com\/cabogpower.com\/wp-content\/uploads\/2024\/05\/IAPANEL.jpg?resize=300%2C300&amp;ssl=1 300w, https:\/\/i0.wp.com\/cabogpower.com\/wp-content\/uploads\/2024\/05\/IAPANEL.jpg?resize=150%2C150&amp;ssl=1 150w, https:\/\/i0.wp.com\/cabogpower.com\/wp-content\/uploads\/2024\/05\/IAPANEL.jpg?resize=768%2C768&amp;ssl=1 768w, https:\/\/i0.wp.com\/cabogpower.com\/wp-content\/uploads\/2024\/05\/IAPANEL.jpg?resize=1536%2C1536&amp;ssl=1 1536w, https:\/\/i0.wp.com\/cabogpower.com\/wp-content\/uploads\/2024\/05\/IAPANEL.jpg?resize=600%2C600&amp;ssl=1 600w, https:\/\/i0.wp.com\/cabogpower.com\/wp-content\/uploads\/2024\/05\/IAPANEL.jpg?w=2048&amp;ssl=1 2048w\" sizes=\"(max-width: 1000px) 100vw, 1000px\" \/><\/figure>\n<\/div>\n<\/div>\n<\/div>\n<\/div>\n\n\n\n<div class=\"nfd-my-0 nfd-p-md nfd-pb-lg nfd-container wp-block-group alignfull has-black-color has-white-background-color has-text-color has-background is-layout-flow wp-container-core-group-is-layout-330ce275 wp-block-group-is-layout-flow\">\n<div class=\"wp-block-columns are-vertically-aligned-bottom is-layout-flex wp-container-core-columns-is-layout-faa0f033 wp-block-columns-is-layout-flex\" style=\"padding-top:0;padding-right:0;padding-bottom:0;padding-left:0\">\n<div class=\"wp-block-column is-vertically-aligned-bottom is-layout-flow wp-container-core-column-is-layout-1a0eff7f wp-block-column-is-layout-flow\" style=\"flex-basis:50%\">\n<div class=\"wp-block-group is-nowrap is-layout-flex wp-container-core-group-is-layout-6c531013 wp-block-group-is-layout-flex\">\n<div class=\"nfd-bg-gray-100 wp-block-group is-layout-constrained wp-container-core-group-is-layout-4e377f7d wp-block-group-is-layout-constrained\" style=\"border-radius:100px;padding-top:6px;padding-right:16px;padding-bottom:6px;padding-left:16px\">\n<p class=\"nfd-text-sm nfd-text-primary\" style=\"font-style:normal;font-weight:600;letter-spacing:0.05em;text-transform:uppercase\">energ\u00edas renovables<\/p>\n<\/div>\n<\/div>\n\n\n\n<h2 class=\"wp-block-heading nfd-text-current nfd-text-huge md:nfd-no-br\">Desvelando el poder de las energ\u00edas renovables<\/h2>\n<\/div>\n<\/div>\n\n\n\n<div class=\"wp-block-columns alignwide is-layout-flex wp-container-core-columns-is-layout-6127943d wp-block-columns-is-layout-flex\">\n<div class=\"wp-block-column is-layout-flow wp-container-core-column-is-layout-8eebadab wp-block-column-is-layout-flow\">\n<figure class=\"wp-block-image aligncenter size-large has-custom-border\"><img data-recalc-dims=\"1\" decoding=\"async\" width=\"1024\" height=\"1024\" src=\"https:\/\/i0.wp.com\/cabogpower.com\/wp-content\/uploads\/2024\/04\/solar.jpg?resize=1024%2C1024&#038;ssl=1\" alt=\"\" class=\"wp-image-62\" style=\"border-radius:4px;aspect-ratio:16\/9;object-fit:cover\"\/><\/figure>\n\n\n\n<div class=\"wp-block-group is-content-justification-left is-layout-constrained wp-container-core-group-is-layout-f3ff1a0c wp-block-group-is-layout-constrained\">\n<h3 class=\"nfd-text-lg wp-block-heading\">SOLAR<\/h3>\n\n\n\n<div class=\"nfd-text-base nfd-text-opacity-80 wp-block-group is-layout-flow wp-container-core-group-is-layout-634f0b9d wp-block-group-is-layout-flow\">\n<p class=\"\">Brilla con luz propia. La energ\u00eda solar es algo m\u00e1s que paneles en el tejado: es la clave para un futuro sostenible. Esta tecnolog\u00eda capta la energ\u00eda del sol y la convierte en electricidad limpia y renovable para su hogar o negocio. Sencilla, eficiente y respetuosa con el planeta.<\/p>\n<\/div>\n<\/div>\n<\/div>\n\n\n\n<div class=\"wp-block-column is-layout-flow wp-container-core-column-is-layout-8eebadab wp-block-column-is-layout-flow\">\n<figure class=\"wp-block-image size-large has-custom-border\"><img data-recalc-dims=\"1\" loading=\"lazy\" decoding=\"async\" width=\"1024\" height=\"1024\" src=\"https:\/\/i0.wp.com\/cabogpower.com\/wp-content\/uploads\/2024\/04\/viento.jpg?resize=1024%2C1024&#038;ssl=1\" alt=\"\" class=\"wp-image-63\" style=\"border-radius:4px;aspect-ratio:16\/9;object-fit:cover\"\/><\/figure>\n\n\n\n<h3 class=\"nfd-text-lg wp-block-heading\">VIENTO<\/h3>\n\n\n\n<div class=\"wp-block-group is-content-justification-left is-layout-constrained wp-container-core-group-is-layout-f3ff1a0c wp-block-group-is-layout-constrained\">\n<div class=\"nfd-text-base nfd-text-opacity-80 wp-block-group is-layout-flow wp-container-core-group-is-layout-634f0b9d wp-block-group-is-layout-flow\">\n<p class=\"\">Siente la fuerza del viento. La energ\u00eda e\u00f3lica aprovecha la fuerza del viento para generar electricidad. Mediante turbinas e\u00f3licas, transformamos esta energ\u00eda inagotable en una fuente de electricidad fiable y sostenible. Ideal para zonas con vientos constantes, es una potente soluci\u00f3n para reducir su huella de carbono.<\/p>\n<\/div>\n<\/div>\n<\/div>\n\n\n\n<div class=\"wp-block-column is-layout-flow wp-container-core-column-is-layout-8eebadab wp-block-column-is-layout-flow\">\n<figure class=\"wp-block-image size-large has-custom-border\"><img data-recalc-dims=\"1\" loading=\"lazy\" decoding=\"async\" width=\"1024\" height=\"1024\" src=\"https:\/\/i0.wp.com\/cabogpower.com\/wp-content\/uploads\/2024\/04\/biomasa.jpg?resize=1024%2C1024&#038;ssl=1\" alt=\"\" class=\"wp-image-64\" style=\"border-radius:4px;aspect-ratio:16\/9;object-fit:cover\" srcset=\"https:\/\/i0.wp.com\/cabogpower.com\/wp-content\/uploads\/2024\/04\/biomasa-e1712346928108.jpg?resize=1024%2C1024&amp;ssl=1 1024w, https:\/\/i0.wp.com\/cabogpower.com\/wp-content\/uploads\/2024\/04\/biomasa-e1712346928108.jpg?resize=300%2C300&amp;ssl=1 300w, https:\/\/i0.wp.com\/cabogpower.com\/wp-content\/uploads\/2024\/04\/biomasa-e1712346928108.jpg?resize=150%2C150&amp;ssl=1 150w, https:\/\/i0.wp.com\/cabogpower.com\/wp-content\/uploads\/2024\/04\/biomasa-e1712346928108.jpg?resize=768%2C768&amp;ssl=1 768w, https:\/\/i0.wp.com\/cabogpower.com\/wp-content\/uploads\/2024\/04\/biomasa-e1712346928108.jpg?resize=1536%2C1536&amp;ssl=1 1536w, https:\/\/i0.wp.com\/cabogpower.com\/wp-content\/uploads\/2024\/04\/biomasa-e1712346928108.jpg?resize=600%2C600&amp;ssl=1 600w, https:\/\/i0.wp.com\/cabogpower.com\/wp-content\/uploads\/2024\/04\/biomasa-e1712346928108.jpg?w=2048&amp;ssl=1 2048w\" sizes=\"(max-width: 1000px) 100vw, 1000px\" \/><\/figure>\n\n\n\n<div class=\"wp-block-group is-content-justification-left is-layout-constrained wp-container-core-group-is-layout-f3ff1a0c wp-block-group-is-layout-constrained\">\n<h3 class=\"nfd-text-lg wp-block-heading\">BIOMASA<\/h3>\n\n\n\n<div class=\"nfd-text-base nfd-text-opacity-80 wp-block-group is-layout-flow wp-container-core-group-is-layout-634f0b9d wp-block-group-is-layout-flow\">\n<p class=\"\">La biomasa es una sustancia org\u00e1nica natural derivada de plantas y animales (generalmente residuos) que sirve como materia prima para producir biocarb\u00f3n s\u00f3lido (biochar), bioaceites l\u00edquidos y gas de s\u00edntesis (syngas). Estos procesos generan un enorme impacto ambiental positivo gracias al efecto combinado de la reutilizaci\u00f3n de materiales y la reducci\u00f3n de la huella de carbono.<\/p>\n<\/div>\n<\/div>\n<\/div>\n<\/div>\n<\/div>\n\n\n\n<div class=\"wp-block-group alignfull has-text-color has-background is-layout-flow wp-block-group-is-layout-flow\" style=\"color:#000000;background-color:#ffffff\">\n<figure class=\"wp-block-image aligncenter size-large is-resized\"><a href=\"https:\/\/globalsolaratlas.info\/map\" target=\"_blank\" rel=\"noreferrer noopener\"><img data-recalc-dims=\"1\" loading=\"lazy\" decoding=\"async\" width=\"1024\" height=\"621\" src=\"https:\/\/i0.wp.com\/cabogpower.com\/wp-content\/uploads\/2024\/04\/mapa-irradiacion-solar-1.png?resize=1024%2C621&#038;ssl=1\" alt=\"\" class=\"wp-image-133\" style=\"width:1338px;height:auto\" srcset=\"https:\/\/i0.wp.com\/cabogpower.com\/wp-content\/uploads\/2024\/04\/mapa-irradiacion-solar-1.png?resize=1024%2C621&amp;ssl=1 1024w, https:\/\/i0.wp.com\/cabogpower.com\/wp-content\/uploads\/2024\/04\/mapa-irradiacion-solar-1.png?resize=300%2C182&amp;ssl=1 300w, https:\/\/i0.wp.com\/cabogpower.com\/wp-content\/uploads\/2024\/04\/mapa-irradiacion-solar-1.png?resize=768%2C466&amp;ssl=1 768w, https:\/\/i0.wp.com\/cabogpower.com\/wp-content\/uploads\/2024\/04\/mapa-irradiacion-solar-1.png?resize=600%2C364&amp;ssl=1 600w, https:\/\/i0.wp.com\/cabogpower.com\/wp-content\/uploads\/2024\/04\/mapa-irradiacion-solar-1.png?w=1463&amp;ssl=1 1463w\" sizes=\"(max-width: 1000px) 100vw, 1000px\" \/><\/a><\/figure>\n<\/div>\n\n\n\n<div class=\"wp-block-cover alignfull\"><span aria-hidden=\"true\" class=\"wp-block-cover__background has-background-dim-100 has-background-dim has-background-gradient\" style=\"background:linear-gradient(0deg,rgb(255,255,255) 0%,rgb(243,244,246) 84%)\"><\/span><div class=\"wp-block-cover__inner-container is-layout-flow wp-block-cover-is-layout-flow\">\n<div class=\"nfd-container nfd-my-0 nfd-p-lg nfd-bg-gray-100 md:nfd-border-none wp-block-group alignfull has-black-color has-text-color is-vertical is-layout-flex wp-container-core-group-is-layout-c3e2e3b2 wp-block-group-is-layout-flex\">\n<div class=\"wp-block-group is-layout-flow wp-container-core-group-is-layout-0bc407da wp-block-group-is-layout-flow\" style=\"padding-top:0;padding-right:0;padding-bottom:0;padding-left:0\">\n<div class=\"wp-block-group is-content-justification-center is-nowrap is-layout-flex wp-container-core-group-is-layout-23441af8 wp-block-group-is-layout-flex\">\n<div class=\"nfd-bg-gray-100 wp-block-group has-white-background-color has-background is-layout-constrained wp-container-core-group-is-layout-4e377f7d wp-block-group-is-layout-constrained\" style=\"border-radius:100px;padding-top:6px;padding-right:16px;padding-bottom:6px;padding-left:16px\">\n<p class=\"nfd-text-sm nfd-text-primary has-text-align-center\" style=\"font-style:normal;font-weight:500;letter-spacing:0.05em;text-transform:uppercase\">HUELLA DE CARBONO<\/p>\n<\/div>\n<\/div>\n\n\n\n<div class=\"wp-block-cover\" style=\"min-height:417px;aspect-ratio:unset;\"><img data-recalc-dims=\"1\" loading=\"lazy\" decoding=\"async\" width=\"1024\" height=\"1024\" class=\"wp-block-cover__image-background wp-image-60\" alt=\"\" src=\"https:\/\/i0.wp.com\/cabogpower.com\/wp-content\/uploads\/2024\/04\/ALBINOCABOG.jpg?resize=1024%2C1024&#038;ssl=1\" data-object-fit=\"cover\"\/><span aria-hidden=\"true\" class=\"wp-block-cover__background has-background-dim\"><\/span><div class=\"wp-block-cover__inner-container is-layout-flow wp-block-cover-is-layout-flow\">\n<p class=\"has-text-align-center has-large-font-size\">Useful tips for you<\/p>\n<\/div><\/div>\n<\/div>\n\n\n\n<div class=\"wp-block-group alignwide is-layout-flow wp-container-core-group-is-layout-c304226c wp-block-group-is-layout-flow\">\n<div class=\"nfd-text-base  wp-block-columns is-layout-flex wp-container-core-columns-is-layout-c8ed38b0 wp-block-columns-is-layout-flex\">\n<div class=\"wp-block-column is-layout-flow wp-block-column-is-layout-flow\">\n<div class=\"nfd-h-full wp-block-group has-black-color has-text-color has-background is-content-justification-left is-layout-constrained wp-container-core-group-is-layout-6cd2befd wp-block-group-is-layout-constrained\" style=\"border-top-left-radius:20px;background:linear-gradient(180deg,rgb(255,255,255) 0%,rgba(0,0,0,0) 100%);padding-top:32px;padding-right:32px;padding-bottom:32px;padding-left:32px\">\n<div class=\"wp-block-group is-content-justification-left is-layout-constrained wp-container-core-group-is-layout-94755ad4 wp-block-group-is-layout-constrained\">\n<p class=\"nfd-text-xl nfd-text-primary\" style=\"font-style:normal;font-weight:300;letter-spacing:2px\">01<\/p>\n<\/div>\n\n\n\n<div class=\"nfd-text-opacity-80 wp-block-group is-layout-constrained wp-block-group-is-layout-constrained\">\n<p class=\"\">Ahorra electricidad enchufando tus aparatos a una regleta y desenchuf\u00e1ndolos por completo cuando no los uses, incluyendo la computadora.<\/p>\n<\/div>\n<\/div>\n<\/div>\n\n\n\n<div class=\"wp-block-column is-layout-flow wp-block-column-is-layout-flow\">\n<div class=\"nfd-h-full wp-block-group has-black-color has-text-color has-background is-content-justification-left is-layout-constrained wp-container-core-group-is-layout-6cd2befd wp-block-group-is-layout-constrained\" style=\"background:linear-gradient(180deg,rgb(255,255,255) 0%,rgba(0,0,0,0) 100%);padding-top:32px;padding-right:32px;padding-bottom:32px;padding-left:32px\">\n<div class=\"wp-block-group is-content-justification-left is-layout-constrained wp-container-core-group-is-layout-94755ad4 wp-block-group-is-layout-constrained\">\n<p class=\"nfd-text-xl nfd-text-primary\" style=\"font-style:normal;font-weight:300;letter-spacing:2px\">02<\/p>\n<\/div>\n\n\n\n<div class=\"nfd-text-opacity-80 wp-block-group is-layout-constrained wp-block-group-is-layout-constrained\">\n<p class=\"\">Apaga las luces. La televisi\u00f3n y la pantalla del ordenador ya emiten un brillo c\u00f3modo, as\u00ed que apaga otras luces si no las necesitas.<\/p>\n<\/div>\n<\/div>\n<\/div>\n\n\n\n<div class=\"wp-block-column is-layout-flow wp-block-column-is-layout-flow\">\n<div class=\"nfd-h-full wp-block-group has-black-color has-text-color has-background is-content-justification-left is-layout-constrained wp-container-core-group-is-layout-6cd2befd wp-block-group-is-layout-constrained\" style=\"border-top-right-radius:20px;background:linear-gradient(180deg,rgb(255,255,255) 0%,rgba(0,0,0,0) 100%);padding-top:32px;padding-right:32px;padding-bottom:32px;padding-left:32px\">\n<div class=\"wp-block-group is-content-justification-left is-layout-constrained wp-container-core-group-is-layout-94755ad4 wp-block-group-is-layout-constrained\">\n<p class=\"nfd-text-xl nfd-text-primary\" style=\"font-style:normal;font-weight:300;letter-spacing:2px\">03<\/p>\n<\/div>\n\n\n\n<div class=\"nfd-text-opacity-80 wp-block-group is-layout-constrained wp-block-group-is-layout-constrained\">\n<p class=\"\">Sustituya los aparatos antiguos por modelos de bajo consumo que puedan proporcionar un consumo energ\u00e9tico m\u00e1s eficiente y cambie las bombillas de la casa.<\/p>\n\n\n\n<p class=\"\">A\u00edsle ventanas y puertas para aumentar la eficiencia energ\u00e9tica.<\/p>\n<\/div>\n<\/div>\n<\/div>\n<\/div>\n<\/div>\n<\/div>\n<\/div><\/div>\n\n\n\n<div class=\"nfd-my-0 nfd-text-current md:nfd-border-none wp-block-group alignfull has-black-color has-white-background-color has-text-color has-background is-layout-flow wp-block-group-is-layout-flow\" id=\"faq\" style=\"border-top-style:none;border-top-width:0px;border-right-color:var(--wp--preset--color--white);border-right-width:32px;border-bottom-style:none;border-bottom-width:0px;border-left-color:var(--wp--preset--color--white);border-left-width:32px;padding-top:0;padding-right:0;padding-bottom:0;padding-left:0\">\n<div class=\"nfd-p-lg nfd-container md:nfd-border-none wp-block-group has-black-color has-text-color is-layout-flow wp-container-core-group-is-layout-330ce275 wp-block-group-is-layout-flow\" style=\"border-top-color:#00000012;border-top-width:1px\">\n<div class=\"wp-block-group is-layout-flow wp-container-core-group-is-layout-0bc407da wp-block-group-is-layout-flow\" style=\"padding-top:0;padding-right:0;padding-bottom:0;padding-left:0\">\n<h2 class=\"nfd-text-huge nfd-text-current md:nfd-no-br wp-block-heading has-text-align-center\">\u00c9stas son algunas de las preguntas m\u00e1s frecuentes para OFF-GRID<\/h2>\n\n\n\n<div class=\"wp-block-group is-content-justification-center is-nowrap is-layout-flex wp-container-core-group-is-layout-23441af8 wp-block-group-is-layout-flex\">\n<div class=\"nfd-bg-gray-100 wp-block-group is-layout-constrained wp-container-core-group-is-layout-4e377f7d wp-block-group-is-layout-constrained\" style=\"border-radius:100px;padding-top:6px;padding-right:16px;padding-bottom:6px;padding-left:16px\">\n<p class=\"nfd-text-sm nfd-text-primary has-text-align-center\" style=\"font-style:normal;font-weight:500;letter-spacing:0.05em;text-transform:uppercase\">\u00a1haz el cambio ahora!<\/p>\n<\/div>\n<\/div>\n<\/div>\n\n\n\n<div class=\"wp-block-group is-layout-flow wp-container-core-group-is-layout-fc2a5df9 wp-block-group-is-layout-flow\" style=\"padding-top:0;padding-right:0;padding-bottom:0;padding-left:0\">\n<div class=\"wp-block-columns is-layout-flex wp-container-core-columns-is-layout-6127943d wp-block-columns-is-layout-flex\">\n<div class=\"wp-block-column is-layout-flow wp-block-column-is-layout-flow\">\n<div class=\"wp-block-group is-layout-constrained wp-container-core-group-is-layout-105570a8 wp-block-group-is-layout-constrained\">\n<p class=\"\"><strong><mark style=\"background-color:rgba(0, 0, 0, 0)\" class=\"has-inline-color has-primary-color\">\u00bfQu\u00e9 cantidad de electricidad puede generar este sistema?<\/mark><\/strong><\/p>\n\n\n\n<div class=\"nfd-text-opacity-80 nfd-text-base wp-block-group is-layout-constrained wp-block-group-is-layout-constrained\">\n<p class=\"\">Un instalador calificado puede evaluar tu consumo medio de electricidad y la disponibilidad de recursos solares y e\u00f3licos para determinar la capacidad de generaci\u00f3n del sistema. La dependencia de la red puede minimizarse con el almacenamiento en bater\u00edas, pero eso a\u00f1ade costos.<\/p>\n<\/div>\n<\/div>\n<\/div>\n\n\n\n<div class=\"wp-block-column is-layout-flow wp-block-column-is-layout-flow\">\n<div class=\"wp-block-group is-layout-constrained wp-container-core-group-is-layout-105570a8 wp-block-group-is-layout-constrained\">\n<p class=\"nfd-text-primary\"><strong>\u00bfA cu\u00e1nto ascender\u00e1n mis facturas de electricidad tras la instalaci\u00f3n y cu\u00e1l es el periodo de retorno de la inversi\u00f3n?<\/strong><\/p>\n\n\n\n<div class=\"nfd-text-opacity-80 nfd-text-base wp-block-group is-layout-constrained wp-block-group-is-layout-constrained\">\n<p class=\"\">Un instalador puede calcular las facturas de electricidad posteriores a la instalaci\u00f3n en funci\u00f3n de la generaci\u00f3n del sistema y de la dependencia de la red. El periodo de retorno de la inversi\u00f3n depende de factores como el coste inicial, el ahorro de energ\u00eda y los incentivos.<\/p>\n<\/div>\n<\/div>\n<\/div>\n\n\n\n<div class=\"wp-block-column is-layout-flow wp-block-column-is-layout-flow\">\n<div class=\"wp-block-group is-layout-constrained wp-container-core-group-is-layout-105570a8 wp-block-group-is-layout-constrained\">\n<p class=\"nfd-text-primary\"><strong>\u00bfCu\u00e1nto mantenimiento requiere el sistema?<\/strong><\/p>\n\n\n\n<div class=\"nfd-text-opacity-80 nfd-text-base wp-block-group is-layout-constrained wp-block-group-is-layout-constrained\">\n<p class=\"\">Las necesidades de mantenimiento var\u00edan. Los paneles solares requieren una limpieza m\u00ednima, mientras que los aerogeneradores pueden necesitar inspecciones peri\u00f3dicas y la sustituci\u00f3n de componentes.<\/p>\n<\/div>\n<\/div>\n<\/div>\n<\/div>\n\n\n\n<div class=\"wp-block-columns is-layout-flex wp-container-core-columns-is-layout-6127943d wp-block-columns-is-layout-flex\">\n<div class=\"wp-block-column is-layout-flow wp-block-column-is-layout-flow\">\n<div class=\"wp-block-group is-layout-constrained wp-container-core-group-is-layout-105570a8 wp-block-group-is-layout-constrained\">\n<p class=\"nfd-text-primary\"><strong>\u00bfCu\u00e1l es la vida \u00fatil del sistema y sus componentes?<\/strong><\/p>\n\n\n\n<div class=\"nfd-text-opacity-80 nfd-text-base wp-block-group is-layout-constrained wp-block-group-is-layout-constrained\">\n<p class=\"\">Los paneles solares suelen durar m\u00e1s de 25 a\u00f1os, mientras que los aerogeneradores pueden durar entre 10 y 20 a\u00f1os. Ambos sistemas tienen garant\u00eda.<\/p>\n<\/div>\n<\/div>\n<\/div>\n\n\n\n<div class=\"wp-block-column is-layout-flow wp-block-column-is-layout-flow\">\n<div class=\"wp-block-group is-layout-constrained wp-container-core-group-is-layout-105570a8 wp-block-group-is-layout-constrained\">\n<p class=\"nfd-text-primary\"><strong>\u00bfQu\u00e9 ocurre en caso de apag\u00f3n o fallo de un componente?<\/strong><\/p>\n\n\n\n<div class=\"nfd-text-opacity-80 nfd-text-base wp-block-group is-layout-constrained wp-block-group-is-layout-constrained\">\n<p class=\"\">Es posible que los sistemas conectados a la red no funcionen durante los cortes, a menos que se disponga de bater\u00edas de reserva. Los generadores de reserva tambi\u00e9n pueden ser una opci\u00f3n. Las reparaciones dependen del componente averiado y de la cobertura de la garant\u00eda.<\/p>\n<\/div>\n<\/div>\n<\/div>\n\n\n\n<div class=\"wp-block-column is-layout-flow wp-block-column-is-layout-flow\">\n<div class=\"wp-block-group is-layout-constrained wp-container-core-group-is-layout-105570a8 wp-block-group-is-layout-constrained\">\n<p class=\"nfd-text-primary\"><strong>\u00bfC\u00f3mo afecta el sistema solar al valor de reventa de la propiedad?<\/strong><\/p>\n\n\n\n<div class=\"nfd-text-opacity-80 nfd-text-base wp-block-group is-layout-constrained wp-block-group-is-layout-constrained\">\n<p class=\"\">Los estudios sugieren que las casas con paneles solares se venden m\u00e1s r\u00e1pido y por un precio m\u00e1s alto.<\/p>\n<\/div>\n<\/div>\n<\/div>\n<\/div>\n<\/div>\n<\/div>\n<\/div>","protected":false},"excerpt":{"rendered":"<p>CABO-G Power&#8217;s mission is to make renewable energy accessible to everyone. We have the expertise to tailor the best technology available to your needs. At CABO-G Power, we offer our markets in Mexico, comprehensive renewable energy solutions including the installation of solar panels, inverters, and batteries for both on-grid and off-grid systems and waste-to-value solutions. [&hellip;]<\/p>\n","protected":false},"author":1,"featured_media":0,"parent":0,"menu_order":0,"comment_status":"closed","ping_status":"closed","template":"no-title","meta":{"nf_dc_page":"home","om_disable_all_campaigns":false,"_monsterinsights_skip_tracking":false,"_monsterinsights_sitenote_active":false,"_monsterinsights_sitenote_note":"","_monsterinsights_sitenote_category":0,"footnotes":""},"class_list":["post-15","page","type-page","status-publish","hentry"],"jetpack_sharing_enabled":true,"_links":{"self":[{"href":"https:\/\/cabogpower.com\/es\/wp-json\/wp\/v2\/pages\/15","targetHints":{"allow":["GET"]}}],"collection":[{"href":"https:\/\/cabogpower.com\/es\/wp-json\/wp\/v2\/pages"}],"about":[{"href":"https:\/\/cabogpower.com\/es\/wp-json\/wp\/v2\/types\/page"}],"author":[{"embeddable":true,"href":"https:\/\/cabogpower.com\/es\/wp-json\/wp\/v2\/users\/1"}],"replies":[{"embeddable":true,"href":"https:\/\/cabogpower.com\/es\/wp-json\/wp\/v2\/comments?post=15"}],"version-history":[{"count":16,"href":"https:\/\/cabogpower.com\/es\/wp-json\/wp\/v2\/pages\/15\/revisions"}],"predecessor-version":[{"id":689,"href":"https:\/\/cabogpower.com\/es\/wp-json\/wp\/v2\/pages\/15\/revisions\/689"}],"wp:attachment":[{"href":"https:\/\/cabogpower.com\/es\/wp-json\/wp\/v2\/media?parent=15"}],"curies":[{"name":"wp","href":"https:\/\/api.w.org\/{rel}","templated":true}]}}