{"id":16,"date":"2024-03-22T20:06:52","date_gmt":"2024-03-22T20:06:52","guid":{"rendered":"https:\/\/cabogpower.com\/about\/"},"modified":"2024-12-11T17:39:26","modified_gmt":"2024-12-11T17:39:26","slug":"about","status":"publish","type":"page","link":"https:\/\/cabogpower.com\/es\/about\/","title":{"rendered":""},"content":{"rendered":"<div class=\"nfd-my-0 nfd-p-lg nfd-container wp-block-group alignfull has-white-color has-black-background-color has-text-color has-background is-layout-flow wp-container-core-group-is-layout-f6422989 wp-block-group-is-layout-flow\" id=\"our-team\">\n<div class=\"nfd-my-0 wp-block-group alignfull is-layout-flow wp-container-core-group-is-layout-634f0b9d wp-block-group-is-layout-flow\">\n<h1 class=\"wp-block-heading nfd-text-huge nfd-text-current md:nfd-no-br has-text-align-center\">Acerca de nosotros<\/h1>\n\n\n\n<div class=\"nfd-text-md nfd-text-opacity-80 wp-block-group is-content-justification-center is-layout-constrained wp-container-core-group-is-layout-0df76c63 wp-block-group-is-layout-constrained\" style=\"padding-bottom:8px\">\n<p class=\"has-text-align-center\">En CABO-G Power nos apasiona construir un futuro sostenible impulsado por energ\u00edas limpias. Nuestra misi\u00f3n es hacer que las soluciones de energ\u00eda renovable sean accesibles y asequibles, capacitando a las comunidades para la transici\u00f3n hacia un ma\u00f1ana m\u00e1s brillante y m\u00e1s verde.<\/p>\n<\/div>\n<\/div>\n\n\n\n<div class=\"nfd-text-base wp-block-columns are-vertically-aligned-top is-layout-flex wp-container-core-columns-is-layout-730ec5d8 wp-block-columns-is-layout-flex\" style=\"padding-top:0;padding-right:0;padding-bottom:0;padding-left:0\">\n<div class=\"wp-block-column is-vertically-aligned-top is-layout-flow wp-block-column-is-layout-flow\">\n<div class=\"nfd-bg-gray-800 nfd-overflow-hidden wp-block-group is-layout-constrained wp-container-core-group-is-layout-19e250f3 wp-block-group-is-layout-constrained\" style=\"border-radius:8px\">\n<figure class=\"wp-block-gallery has-nested-images columns-default is-cropped wp-block-gallery-1 is-layout-flex wp-block-gallery-is-layout-flex\">\n<figure class=\"nfd-border-accent is-style-default wp-block-image aligncenter size-full has-custom-border\"><img data-recalc-dims=\"1\" fetchpriority=\"high\" decoding=\"async\" width=\"800\" height=\"800\" data-id=\"149\" src=\"https:\/\/i0.wp.com\/cabogpower.com\/wp-content\/uploads\/2024\/04\/fotoperfillinkd.png?resize=800%2C800&#038;ssl=1\" alt=\"\" class=\"wp-image-149\" style=\"border-bottom-width:4px;aspect-ratio:1.5;object-fit:cover\" srcset=\"https:\/\/i0.wp.com\/cabogpower.com\/wp-content\/uploads\/2024\/04\/fotoperfillinkd.png?w=800&amp;ssl=1 800w, https:\/\/i0.wp.com\/cabogpower.com\/wp-content\/uploads\/2024\/04\/fotoperfillinkd.png?resize=300%2C300&amp;ssl=1 300w, https:\/\/i0.wp.com\/cabogpower.com\/wp-content\/uploads\/2024\/04\/fotoperfillinkd.png?resize=150%2C150&amp;ssl=1 150w, https:\/\/i0.wp.com\/cabogpower.com\/wp-content\/uploads\/2024\/04\/fotoperfillinkd.png?resize=768%2C768&amp;ssl=1 768w, https:\/\/i0.wp.com\/cabogpower.com\/wp-content\/uploads\/2024\/04\/fotoperfillinkd.png?resize=600%2C600&amp;ssl=1 600w\" sizes=\"(max-width: 800px) 100vw, 800px\" \/><\/figure>\n<\/figure>\n\n\n\n<div class=\"wp-block-group is-layout-constrained wp-container-core-group-is-layout-9a0d9e06 wp-block-group-is-layout-constrained\" style=\"padding-top:32px;padding-right:32px;padding-bottom:32px;padding-left:32px\">\n<div class=\"wp-block-group is-layout-constrained wp-container-core-group-is-layout-f5dbca08 wp-block-group-is-layout-constrained\">\n<p class=\"nfd-text-sm nfd-text-opacity-80 has-text-align-left\" style=\"font-style:normal;font-weight:400;letter-spacing:0px\">Director General<\/p>\n\n\n\n<p class=\"nfd-text-md nfd-text-secondary has-text-align-left\" style=\"font-style:normal;font-weight:600\">Jorge Taracena<\/p>\n<\/div>\n\n\n\n<p class=\"\">Jorge Taracena cuenta con una s\u00f3lida base en optimizaci\u00f3n y eficiencia de procesos, perfeccionada durante sus estudios en la Universidad del Valle de M\u00e9xico en Guadalajara, Jalisco. Tras graduarse, adquiri\u00f3 una valiosa experiencia en el sector tur\u00edstico. All\u00ed fue testigo de primera mano del poder transformador de un servicio excepcional a la hora de generar confianza y crear experiencias positivas para los clientes.<br>Esta experiencia provoc\u00f3 un cambio en su trayectoria profesional, que le llev\u00f3 a descubrir el inmenso potencial de las energ\u00edas renovables para crear un futuro sostenible. Aunque qued\u00f3 impresionado por el potencial del sector, tambi\u00e9n observ\u00f3 un vac\u00edo preocupante en la compra de equipos, la log\u00edstica, la instalaci\u00f3n y el servicio al cliente para las empresas de energ\u00eda solar\/e\u00f3lica residenciales y comerciales.<br>Aqu\u00ed es donde su experiencia en ingenier\u00eda industrial se al\u00eda con su pasi\u00f3n por un servicio excepcional. Se dio cuenta de que aplicando las normas de servicio excepcionales que se esperan del turismo, el sector de las energ\u00edas renovables puede mejorar significativamente la experiencia del cliente. Cree firmemente que un servicio al cliente excepcional es fundamental para generar confianza y garantizar una transici\u00f3n fluida a los clientes que adoptan soluciones de energ\u00edas renovables.<br><\/p>\n\n\n\n<ul class=\"is-style-logos-only wp-block-social-links has-small-icon-size has-icon-color is-content-justification-left is-layout-flex wp-container-core-social-links-is-layout-efb4d270 wp-block-social-links-is-layout-flex\" style=\"padding-top:8px\"><li style=\"color:#ffffffcf;\" class=\"wp-social-link wp-social-link-linkedin  wp-block-social-link\"><a href=\"https:\/\/www.linkedin.com\/in\/jorge-iran-taracena-via\u00f1a-87061616a\" class=\"wp-block-social-link-anchor\"><svg width=\"24\" height=\"24\" viewbox=\"0 0 24 24\" version=\"1.1\" xmlns=\"http:\/\/www.w3.org\/2000\/svg\" aria-hidden=\"true\" focusable=\"false\"><path d=\"M19.7,3H4.3C3.582,3,3,3.582,3,4.3v15.4C3,20.418,3.582,21,4.3,21h15.4c0.718,0,1.3-0.582,1.3-1.3V4.3 C21,3.582,20.418,3,19.7,3z M8.339,18.338H5.667v-8.59h2.672V18.338z M7.004,8.574c-0.857,0-1.549-0.694-1.549-1.548 c0-0.855,0.691-1.548,1.549-1.548c0.854,0,1.547,0.694,1.547,1.548C8.551,7.881,7.858,8.574,7.004,8.574z M18.339,18.338h-2.669 v-4.177c0-0.996-0.017-2.278-1.387-2.278c-1.389,0-1.601,1.086-1.601,2.206v4.249h-2.667v-8.59h2.559v1.174h0.037 c0.356-0.675,1.227-1.387,2.526-1.387c2.703,0,3.203,1.779,3.203,4.092V18.338z\"><\/path><\/svg><span class=\"wp-block-social-link-label screen-reader-text\">LinkedIn<\/span><\/a><\/li><\/ul>\n<\/div>\n<\/div>\n<\/div>\n\n\n\n<div class=\"wp-block-column is-vertically-aligned-top is-layout-flow wp-block-column-is-layout-flow\">\n<div class=\"nfd-bg-gray-800 nfd-overflow-hidden wp-block-group is-layout-constrained wp-container-core-group-is-layout-19e250f3 wp-block-group-is-layout-constrained\" style=\"border-radius:8px\">\n<figure class=\"nfd-border-accent wp-block-image size-full is-resized has-custom-border\"><img data-recalc-dims=\"1\" decoding=\"async\" width=\"800\" height=\"800\" src=\"https:\/\/i0.wp.com\/cabogpower.com\/wp-content\/uploads\/2024\/05\/arturofotopres.png?resize=800%2C800&#038;ssl=1\" alt=\"\" class=\"wp-image-151\" style=\"border-bottom-width:4px;aspect-ratio:1.5;object-fit:cover;width:582px;height:auto\" srcset=\"https:\/\/i0.wp.com\/cabogpower.com\/wp-content\/uploads\/2024\/05\/arturofotopres.png?w=800&amp;ssl=1 800w, https:\/\/i0.wp.com\/cabogpower.com\/wp-content\/uploads\/2024\/05\/arturofotopres.png?resize=300%2C300&amp;ssl=1 300w, https:\/\/i0.wp.com\/cabogpower.com\/wp-content\/uploads\/2024\/05\/arturofotopres.png?resize=150%2C150&amp;ssl=1 150w, https:\/\/i0.wp.com\/cabogpower.com\/wp-content\/uploads\/2024\/05\/arturofotopres.png?resize=768%2C768&amp;ssl=1 768w, https:\/\/i0.wp.com\/cabogpower.com\/wp-content\/uploads\/2024\/05\/arturofotopres.png?resize=600%2C600&amp;ssl=1 600w\" sizes=\"(max-width: 800px) 100vw, 800px\" \/><\/figure>\n\n\n\n<div class=\"wp-block-group is-layout-constrained wp-container-core-group-is-layout-9a0d9e06 wp-block-group-is-layout-constrained\" style=\"padding-top:32px;padding-right:32px;padding-bottom:32px;padding-left:32px\">\n<div class=\"wp-block-group is-layout-constrained wp-container-core-group-is-layout-f5dbca08 wp-block-group-is-layout-constrained\">\n<p class=\"nfd-text-sm nfd-text-opacity-80 has-text-align-left\" style=\"font-style:normal;font-weight:400;letter-spacing:0px\">Director de Tecnolog\u00eda<\/p>\n\n\n\n<p class=\"nfd-text-md nfd-text-secondary has-text-align-left\" style=\"font-style:normal;font-weight:600\">Arturo Araque, PhD<\/p>\n<\/div>\n\n\n\n<p class=\"\">El Dr. Araque manifest\u00f3 su inter\u00e9s por las energ\u00edas limpias renovables desde que estudi\u00f3 Ingenier\u00eda Qu\u00edmica en el ITESO de Guadalajara, Jalisco, M\u00e9xico.  Primero trabaj\u00f3 en plantas de ensamblaje en Hermosillo, Sonora, M\u00e9xico, hasta que se uni\u00f3 a un grupo de cient\u00edficos que estudiaban la destilaci\u00f3n por membranas en Lausana, Suiza, en el Instituto Federal Suizo de Tecnolog\u00eda, la misma instituci\u00f3n que le otorg\u00f3 el t\u00edtulo de <em>Docteur \u00c8s Sciences Techniques<\/em>.<\/p>\n\n\n\n<p class=\"\">El Dr. Araque fund\u00f3 Excelsus Scientific Engineering, una empresa californiana con experiencia en garant\u00eda de calidad que trabaja para algunas de las principales empresas farmac\u00e9uticas del mundo, ayud\u00e1ndolas en su transici\u00f3n del potencial de investigaci\u00f3n a la realidad comercial de medicamentos revolucionarios. En esta nueva y apasionante etapa profesional, el Dr. Arturo Araque se ha asociado con un equipo de profesionales de diversas procedencias que se centran en hacer que las energ\u00edas limpias renovables sean f\u00e1cilmente disponibles, accesibles y financieramente posibles.<\/p>\n\n\n\n<ul class=\"is-style-logos-only wp-block-social-links has-small-icon-size has-icon-color is-content-justification-left is-layout-flex wp-container-core-social-links-is-layout-efb4d270 wp-block-social-links-is-layout-flex\" style=\"padding-top:8px\"><li style=\"color:#ffffffcf;\" class=\"wp-social-link wp-social-link-linkedin  wp-block-social-link\"><a href=\"https:\/\/www.linkedin.com\/in\/arturo-araque-1547a07\/\" class=\"wp-block-social-link-anchor\"><svg width=\"24\" height=\"24\" viewbox=\"0 0 24 24\" version=\"1.1\" xmlns=\"http:\/\/www.w3.org\/2000\/svg\" aria-hidden=\"true\" focusable=\"false\"><path d=\"M19.7,3H4.3C3.582,3,3,3.582,3,4.3v15.4C3,20.418,3.582,21,4.3,21h15.4c0.718,0,1.3-0.582,1.3-1.3V4.3 C21,3.582,20.418,3,19.7,3z M8.339,18.338H5.667v-8.59h2.672V18.338z M7.004,8.574c-0.857,0-1.549-0.694-1.549-1.548 c0-0.855,0.691-1.548,1.549-1.548c0.854,0,1.547,0.694,1.547,1.548C8.551,7.881,7.858,8.574,7.004,8.574z M18.339,18.338h-2.669 v-4.177c0-0.996-0.017-2.278-1.387-2.278c-1.389,0-1.601,1.086-1.601,2.206v4.249h-2.667v-8.59h2.559v1.174h0.037 c0.356-0.675,1.227-1.387,2.526-1.387c2.703,0,3.203,1.779,3.203,4.092V18.338z\"><\/path><\/svg><span class=\"wp-block-social-link-label screen-reader-text\">LinkedIn<\/span><\/a><\/li><\/ul>\n<\/div>\n<\/div>\n<\/div>\n\n\n\n<div class=\"wp-block-column is-vertically-aligned-top is-layout-flow wp-block-column-is-layout-flow\">\n<div class=\"nfd-bg-gray-800 nfd-overflow-hidden wp-block-group is-layout-constrained wp-container-core-group-is-layout-19e250f3 wp-block-group-is-layout-constrained\" style=\"border-radius:8px\">\n<figure class=\"nfd-border-accent wp-block-image size-full is-resized has-custom-border\"><img data-recalc-dims=\"1\" decoding=\"async\" width=\"800\" height=\"800\" src=\"https:\/\/i0.wp.com\/cabogpower.com\/wp-content\/uploads\/2024\/05\/olipres.png?resize=800%2C800&#038;ssl=1\" alt=\"\" class=\"wp-image-152\" style=\"border-bottom-width:4px;aspect-ratio:1.5;object-fit:cover;width:582px;height:auto\" srcset=\"https:\/\/i0.wp.com\/cabogpower.com\/wp-content\/uploads\/2024\/05\/olipres.png?w=800&amp;ssl=1 800w, https:\/\/i0.wp.com\/cabogpower.com\/wp-content\/uploads\/2024\/05\/olipres.png?resize=300%2C300&amp;ssl=1 300w, https:\/\/i0.wp.com\/cabogpower.com\/wp-content\/uploads\/2024\/05\/olipres.png?resize=150%2C150&amp;ssl=1 150w, https:\/\/i0.wp.com\/cabogpower.com\/wp-content\/uploads\/2024\/05\/olipres.png?resize=768%2C768&amp;ssl=1 768w, https:\/\/i0.wp.com\/cabogpower.com\/wp-content\/uploads\/2024\/05\/olipres.png?resize=600%2C600&amp;ssl=1 600w\" sizes=\"(max-width: 800px) 100vw, 800px\" \/><\/figure>\n\n\n\n<div class=\"wp-block-group is-layout-constrained wp-container-core-group-is-layout-9a0d9e06 wp-block-group-is-layout-constrained\" style=\"padding-top:32px;padding-right:32px;padding-bottom:32px;padding-left:32px\">\n<div class=\"wp-block-group is-layout-constrained wp-container-core-group-is-layout-f5dbca08 wp-block-group-is-layout-constrained\">\n<p class=\"nfd-text-sm nfd-text-opacity-80 has-text-align-left\" style=\"font-style:normal;font-weight:400;letter-spacing:0px\">Director Financiero<\/p>\n\n\n\n<p class=\"nfd-text-md nfd-text-secondary has-text-align-left\" style=\"font-style:normal;font-weight:600\">Oliver Araque<\/p>\n<\/div>\n\n\n\n<p class=\"\">Licenciado en Econom\u00eda Pol\u00edtica por la Universidad de Berkeley y con experiencia en finanzas y estrategia en JP Morgan, Oliver dirigi\u00f3 iniciativas en toda la empresa centradas en posicionar al banco como l\u00edder en la econom\u00eda de la innovaci\u00f3n. Estos proyectos inclu\u00edan la gesti\u00f3n de las principales prioridades estrat\u00e9gicas de crecimiento y el desarrollo de planes estrat\u00e9gicos integrales para dar servicio a las empresas de capital riesgo y a sus carteras de empresas.<\/p>\n\n\n\n<p class=\"\">Aprovechando su experiencia en estrategia empresarial y desarrollo de negocios, Oliver pretende agilizar la adopci\u00f3n de la energ\u00eda solar en M\u00e9xico. Supervisa las operaciones y la estrategia empresarial de CABO-G Power, impulsando la misi\u00f3n de la empresa de ampliar el uso de la energ\u00eda solar en los sectores residencial y comercial.<\/p>\n\n\n\n<p class=\"\"><\/p>\n\n\n\n<p class=\"\"><\/p>\n\n\n\n<p class=\"\"><\/p>\n\n\n\n<p class=\"\"><\/p>\n\n\n\n<p class=\"\"><\/p>\n\n\n\n<ul class=\"is-style-logos-only wp-block-social-links has-small-icon-size has-icon-color is-content-justification-left is-layout-flex wp-container-core-social-links-is-layout-efb4d270 wp-block-social-links-is-layout-flex\" style=\"padding-top:8px\"><li style=\"color:#ffffffcf;\" class=\"wp-social-link wp-social-link-linkedin  wp-block-social-link\"><a href=\"https:\/\/www.linkedin.com\/in\/oliveraraque\/\" class=\"wp-block-social-link-anchor\"><svg width=\"24\" height=\"24\" viewbox=\"0 0 24 24\" version=\"1.1\" xmlns=\"http:\/\/www.w3.org\/2000\/svg\" aria-hidden=\"true\" focusable=\"false\"><path d=\"M19.7,3H4.3C3.582,3,3,3.582,3,4.3v15.4C3,20.418,3.582,21,4.3,21h15.4c0.718,0,1.3-0.582,1.3-1.3V4.3 C21,3.582,20.418,3,19.7,3z M8.339,18.338H5.667v-8.59h2.672V18.338z M7.004,8.574c-0.857,0-1.549-0.694-1.549-1.548 c0-0.855,0.691-1.548,1.549-1.548c0.854,0,1.547,0.694,1.547,1.548C8.551,7.881,7.858,8.574,7.004,8.574z M18.339,18.338h-2.669 v-4.177c0-0.996-0.017-2.278-1.387-2.278c-1.389,0-1.601,1.086-1.601,2.206v4.249h-2.667v-8.59h2.559v1.174h0.037 c0.356-0.675,1.227-1.387,2.526-1.387c2.703,0,3.203,1.779,3.203,4.092V18.338z\"><\/path><\/svg><span class=\"wp-block-social-link-label screen-reader-text\">LinkedIn<\/span><\/a><\/li><\/ul>\n<\/div>\n<\/div>\n<\/div>\n<\/div>\n<\/div>","protected":false},"excerpt":{"rendered":"<p>About Us At CABO-G Power, we are passionate about building a sustainable future powered by clean energy. Our mission is to make renewable energy solutions accessible and affordable, empowering communities to transition towards a brighter, greener tomorrow. Chief Executive Officer Jorge Taracena Jorge Taracena leverages a strong foundation in process optimization and efficiency, honed during [&hellip;]<\/p>\n","protected":false},"author":1,"featured_media":0,"parent":0,"menu_order":0,"comment_status":"closed","ping_status":"closed","template":"","meta":{"nf_dc_page":"","om_disable_all_campaigns":false,"_monsterinsights_skip_tracking":false,"_monsterinsights_sitenote_active":false,"_monsterinsights_sitenote_note":"","_monsterinsights_sitenote_category":0,"footnotes":""},"class_list":["post-16","page","type-page","status-publish","hentry"],"jetpack_sharing_enabled":true,"_links":{"self":[{"href":"https:\/\/cabogpower.com\/es\/wp-json\/wp\/v2\/pages\/16","targetHints":{"allow":["GET"]}}],"collection":[{"href":"https:\/\/cabogpower.com\/es\/wp-json\/wp\/v2\/pages"}],"about":[{"href":"https:\/\/cabogpower.com\/es\/wp-json\/wp\/v2\/types\/page"}],"author":[{"embeddable":true,"href":"https:\/\/cabogpower.com\/es\/wp-json\/wp\/v2\/users\/1"}],"replies":[{"embeddable":true,"href":"https:\/\/cabogpower.com\/es\/wp-json\/wp\/v2\/comments?post=16"}],"version-history":[{"count":20,"href":"https:\/\/cabogpower.com\/es\/wp-json\/wp\/v2\/pages\/16\/revisions"}],"predecessor-version":[{"id":507,"href":"https:\/\/cabogpower.com\/es\/wp-json\/wp\/v2\/pages\/16\/revisions\/507"}],"wp:attachment":[{"href":"https:\/\/cabogpower.com\/es\/wp-json\/wp\/v2\/media?parent=16"}],"curies":[{"name":"wp","href":"https:\/\/api.w.org\/{rel}","templated":true}]}}