{"id":17,"date":"2024-03-22T20:06:52","date_gmt":"2024-03-22T20:06:52","guid":{"rendered":"https:\/\/cabogpower.com\/contact\/"},"modified":"2025-02-15T20:57:46","modified_gmt":"2025-02-15T20:57:46","slug":"contact","status":"publish","type":"page","link":"https:\/\/cabogpower.com\/es\/contact\/","title":{"rendered":""},"content":{"rendered":"<div class=\"nfd-container nfd-my-0 nfd-p-0 wp-block-group alignfull has-white-color has-text-color has-background is-layout-flow wp-container-core-group-is-layout-d6743c7d wp-block-group-is-layout-flow\" style=\"background:linear-gradient(0deg,rgba(255,255,255,0) 16%,rgb(22,26,29) 16%)\">\n<div class=\"nfd-my-0 nfd-p-lg wp-block-group alignwide is-layout-flow wp-container-core-group-is-layout-05898ac8 wp-block-group-is-layout-flow\">\n<h1 class=\"nfd-text-current nfd-text-giga wp-block-heading has-text-align-center\">Contacto<\/h1>\n\n\n\n<div class=\"nfd-text-md nfd-text-opacity-80 wp-block-group is-layout-constrained wp-container-core-group-is-layout-ff55baa2 wp-block-group-is-layout-constrained\">\n<p class=\"has-text-align-center\">Nos encantar\u00eda conocer su opini\u00f3n. Estamos aqu\u00ed para responder a sus preguntas.<\/p>\n<\/div>\n<\/div>\n<\/div>\n\n\n\n<div class=\"nfd-container nfd-p-md nfd-wb-pricing-table__pricing-table-2 wp-block-group is-layout-constrained wp-block-group-is-layout-constrained\">\n<div class=\"wp-block-columns are-vertically-aligned-center is-layout-flex wp-container-core-columns-is-layout-28f84493 wp-block-columns-is-layout-flex\">\n<div class=\"wp-block-column is-vertically-aligned-center is-layout-flow wp-block-column-is-layout-flow\">\n<div class=\"nfd-p-xs nfd-rounded nfd-border-inherit is-style-nfd-theme-light wp-block-group is-layout-constrained wp-block-group-is-layout-constrained\">\n<div class=\"nfd-gap-md nfd-p-card-md nfd-rounded-sm wp-block-group nfd-bg-effect-grid-3 is-vertical is-content-justification-stretch is-layout-flex wp-container-core-group-is-layout-353c4f5a wp-block-group-is-layout-flex\" style=\"border-width:1.5px\">\n<div class=\"nfd-gap-xs wp-block-group is-vertical is-content-justification-stretch is-layout-flex wp-container-core-group-is-layout-353c4f5a wp-block-group-is-layout-flex\">\n<h3 class=\"nfd-text-lg nfd-text-current wp-block-heading has-text-align-left\">P\u00f3ngase en contacto<\/h3>\n<\/div>\n\n\n\n<div class=\"nfd-text-base nfd-text-faded nfd-text-balance wp-block-group is-vertical is-content-justification-stretch is-layout-flex wp-container-core-group-is-layout-353c4f5a wp-block-group-is-layout-flex\">\n<p class=\"\">Estamos aqu\u00ed para responder a sus preguntas y escuchar sus sugerencias.<\/p>\n\n\n\n<p class=\"\"><strong>Cabo San Lucas<\/strong><\/p>\n\n\n\n<p class=\"\">Blvd. L\u00e1zaro C\u00e1rdenas Esq. Av. San Lucas, Col. Centro 23450<\/p>\n\n\n\n<p class=\"\"><strong>+52 624-113-6940<\/strong><br>cabo-g@cabogpower.com<\/p>\n\n\n\n<ul class=\"is-style-default wp-block-social-links alignleft has-normal-icon-size has-icon-color has-icon-background-color is-content-justification-space-between is-layout-flex wp-container-core-social-links-is-layout-b2891da8 wp-block-social-links-is-layout-flex\"><li style=\"color:#ffffff;background-color:#000000;\" class=\"wp-social-link wp-social-link-facebook has-white-color has-black-background-color wp-block-social-link\"><a href=\"https:\/\/www.facebook.com\/profile.php?id=61555384547247\" class=\"wp-block-social-link-anchor\"><svg width=\"24\" height=\"24\" viewbox=\"0 0 24 24\" version=\"1.1\" xmlns=\"http:\/\/www.w3.org\/2000\/svg\" aria-hidden=\"true\" focusable=\"false\"><path d=\"M12 2C6.5 2 2 6.5 2 12c0 5 3.7 9.1 8.4 9.9v-7H7.9V12h2.5V9.8c0-2.5 1.5-3.9 3.8-3.9 1.1 0 2.2.2 2.2.2v2.5h-1.3c-1.2 0-1.6.8-1.6 1.6V12h2.8l-.4 2.9h-2.3v7C18.3 21.1 22 17 22 12c0-5.5-4.5-10-10-10z\"><\/path><\/svg><span class=\"wp-block-social-link-label screen-reader-text\">Facebook<\/span><\/a><\/li>\n\n<li style=\"color:#ffffff;background-color:#000000;\" class=\"wp-social-link wp-social-link-instagram has-white-color has-black-background-color wp-block-social-link\"><a href=\"https:\/\/www.instagram.com\/cabo_gpower\/\" class=\"wp-block-social-link-anchor\"><svg width=\"24\" height=\"24\" viewbox=\"0 0 24 24\" version=\"1.1\" xmlns=\"http:\/\/www.w3.org\/2000\/svg\" aria-hidden=\"true\" focusable=\"false\"><path d=\"M12,4.622c2.403,0,2.688,0.009,3.637,0.052c0.877,0.04,1.354,0.187,1.671,0.31c0.42,0.163,0.72,0.358,1.035,0.673 c0.315,0.315,0.51,0.615,0.673,1.035c0.123,0.317,0.27,0.794,0.31,1.671c0.043,0.949,0.052,1.234,0.052,3.637 s-0.009,2.688-0.052,3.637c-0.04,0.877-0.187,1.354-0.31,1.671c-0.163,0.42-0.358,0.72-0.673,1.035 c-0.315,0.315-0.615,0.51-1.035,0.673c-0.317,0.123-0.794,0.27-1.671,0.31c-0.949,0.043-1.233,0.052-3.637,0.052 s-2.688-0.009-3.637-0.052c-0.877-0.04-1.354-0.187-1.671-0.31c-0.42-0.163-0.72-0.358-1.035-0.673 c-0.315-0.315-0.51-0.615-0.673-1.035c-0.123-0.317-0.27-0.794-0.31-1.671C4.631,14.688,4.622,14.403,4.622,12 s0.009-2.688,0.052-3.637c0.04-0.877,0.187-1.354,0.31-1.671c0.163-0.42,0.358-0.72,0.673-1.035 c0.315-0.315,0.615-0.51,1.035-0.673c0.317-0.123,0.794-0.27,1.671-0.31C9.312,4.631,9.597,4.622,12,4.622 M12,3 C9.556,3,9.249,3.01,8.289,3.054C7.331,3.098,6.677,3.25,6.105,3.472C5.513,3.702,5.011,4.01,4.511,4.511 c-0.5,0.5-0.808,1.002-1.038,1.594C3.25,6.677,3.098,7.331,3.054,8.289C3.01,9.249,3,9.556,3,12c0,2.444,0.01,2.751,0.054,3.711 c0.044,0.958,0.196,1.612,0.418,2.185c0.23,0.592,0.538,1.094,1.038,1.594c0.5,0.5,1.002,0.808,1.594,1.038 c0.572,0.222,1.227,0.375,2.185,0.418C9.249,20.99,9.556,21,12,21s2.751-0.01,3.711-0.054c0.958-0.044,1.612-0.196,2.185-0.418 c0.592-0.23,1.094-0.538,1.594-1.038c0.5-0.5,0.808-1.002,1.038-1.594c0.222-0.572,0.375-1.227,0.418-2.185 C20.99,14.751,21,14.444,21,12s-0.01-2.751-0.054-3.711c-0.044-0.958-0.196-1.612-0.418-2.185c-0.23-0.592-0.538-1.094-1.038-1.594 c-0.5-0.5-1.002-0.808-1.594-1.038c-0.572-0.222-1.227-0.375-2.185-0.418C14.751,3.01,14.444,3,12,3L12,3z M12,7.378 c-2.552,0-4.622,2.069-4.622,4.622S9.448,16.622,12,16.622s4.622-2.069,4.622-4.622S14.552,7.378,12,7.378z M12,15 c-1.657,0-3-1.343-3-3s1.343-3,3-3s3,1.343,3,3S13.657,15,12,15z M16.804,6.116c-0.596,0-1.08,0.484-1.08,1.08 s0.484,1.08,1.08,1.08c0.596,0,1.08-0.484,1.08-1.08S17.401,6.116,16.804,6.116z\"><\/path><\/svg><span class=\"wp-block-social-link-label screen-reader-text\">Instagram<\/span><\/a><\/li><\/ul>\n<\/div>\n\n\n\n<div class=\"wp-block-buttons is-nowrap is-layout-flex wp-container-core-buttons-is-layout-3e4b7299 wp-block-buttons-is-layout-flex\">\n<div class=\"nfd-btn wp-block-button has-custom-width wp-block-button__width-100\"><a class=\"wp-block-button__link wp-element-button\" href=\"https:\/\/cabogpower.com\/es\/quotation\/\">Empezar ahora<\/a><\/div>\n<\/div>\n<\/div>\n<\/div>\n<\/div>\n\n\n\n<div class=\"wp-block-column is-vertically-aligned-center is-layout-flow wp-block-column-is-layout-flow\">\n<div class=\"nfd-p-xs nfd-rounded is-style-nfd-theme-white wp-block-group is-layout-constrained wp-block-group-is-layout-constrained\">\n<div class=\"nfd-gap-md nfd-p-card-md nfd-rounded-sm wp-block-group is-vertical is-content-justification-stretch is-layout-flex wp-container-core-group-is-layout-353c4f5a wp-block-group-is-layout-flex\" style=\"border-width:2px\">\n<figure class=\"wp-block-image size-large is-resized\"><img data-recalc-dims=\"1\" fetchpriority=\"high\" decoding=\"async\" width=\"1024\" height=\"768\" src=\"https:\/\/i0.wp.com\/cabogpower.com\/wp-content\/uploads\/2024\/10\/IMG_1980-1.jpeg?resize=1024%2C768&#038;ssl=1\" alt=\"\" class=\"wp-image-368\" style=\"width:521px;height:auto\" srcset=\"https:\/\/i0.wp.com\/cabogpower.com\/wp-content\/uploads\/2024\/10\/IMG_1980-1-scaled.jpeg?resize=1024%2C768&amp;ssl=1 1024w, https:\/\/i0.wp.com\/cabogpower.com\/wp-content\/uploads\/2024\/10\/IMG_1980-1-scaled.jpeg?resize=300%2C225&amp;ssl=1 300w, https:\/\/i0.wp.com\/cabogpower.com\/wp-content\/uploads\/2024\/10\/IMG_1980-1-scaled.jpeg?resize=768%2C576&amp;ssl=1 768w, https:\/\/i0.wp.com\/cabogpower.com\/wp-content\/uploads\/2024\/10\/IMG_1980-1-scaled.jpeg?resize=1536%2C1152&amp;ssl=1 1536w, https:\/\/i0.wp.com\/cabogpower.com\/wp-content\/uploads\/2024\/10\/IMG_1980-1-scaled.jpeg?w=2000&amp;ssl=1 2000w\" sizes=\"(max-width: 1000px) 100vw, 1000px\" \/><\/figure>\n<\/div>\n<\/div>\n<\/div>\n<\/div>\n<\/div>\n\n\n\n<p class=\"\"><\/p>","protected":false},"excerpt":{"rendered":"<p>Contact Us We&#8217;d love to hear from you! We&#8217;re here to answer your questions. Get in touch We\u2019re here to answer your questions and listen to your suggestions. Cabo San Lucas Blvd. L\u00e1zaro C\u00e1rdenas Esq. Av. San Lucas, Col. Centro 23450 +52 624-113-6940cabo-g@cabogpower.com<\/p>","protected":false},"author":1,"featured_media":0,"parent":0,"menu_order":0,"comment_status":"closed","ping_status":"closed","template":"","meta":{"nf_dc_page":"","om_disable_all_campaigns":false,"_monsterinsights_skip_tracking":false,"_monsterinsights_sitenote_active":false,"_monsterinsights_sitenote_note":"","_monsterinsights_sitenote_category":0,"footnotes":""},"class_list":["post-17","page","type-page","status-publish","hentry"],"jetpack_sharing_enabled":true,"_links":{"self":[{"href":"https:\/\/cabogpower.com\/es\/wp-json\/wp\/v2\/pages\/17","targetHints":{"allow":["GET"]}}],"collection":[{"href":"https:\/\/cabogpower.com\/es\/wp-json\/wp\/v2\/pages"}],"about":[{"href":"https:\/\/cabogpower.com\/es\/wp-json\/wp\/v2\/types\/page"}],"author":[{"embeddable":true,"href":"https:\/\/cabogpower.com\/es\/wp-json\/wp\/v2\/users\/1"}],"replies":[{"embeddable":true,"href":"https:\/\/cabogpower.com\/es\/wp-json\/wp\/v2\/comments?post=17"}],"version-history":[{"count":19,"href":"https:\/\/cabogpower.com\/es\/wp-json\/wp\/v2\/pages\/17\/revisions"}],"predecessor-version":[{"id":651,"href":"https:\/\/cabogpower.com\/es\/wp-json\/wp\/v2\/pages\/17\/revisions\/651"}],"wp:attachment":[{"href":"https:\/\/cabogpower.com\/es\/wp-json\/wp\/v2\/media?parent=17"}],"curies":[{"name":"wp","href":"https:\/\/api.w.org\/{rel}","templated":true}]}}