{"id":199,"date":"2024-09-23T19:24:48","date_gmt":"2024-09-23T19:24:48","guid":{"rendered":"https:\/\/cabogpower.com\/?page_id=199"},"modified":"2024-12-11T17:32:37","modified_gmt":"2024-12-11T17:32:37","slug":"our-work","status":"publish","type":"page","link":"https:\/\/cabogpower.com\/es\/our-work\/","title":{"rendered":"Nuestro Trabajo"},"content":{"rendered":"<div data-elementor-type=\"wp-page\" data-elementor-id=\"199\" class=\"elementor elementor-199\">\n\t\t\t\t<div class=\"elementor-element elementor-element-7e57b614 e-flex e-con-boxed e-con e-parent\" data-id=\"7e57b614\" data-element_type=\"container\" data-e-type=\"container\">\n\t\t\t\t\t<div class=\"e-con-inner\">\n\t\t\t\t<div class=\"elementor-element elementor-element-1bc5de6 elementor-widget elementor-widget-text-editor\" data-id=\"1bc5de6\" data-element_type=\"widget\" data-e-type=\"widget\" data-widget_type=\"text-editor.default\">\n\t\t\t\t<div class=\"elementor-widget-container\">\n\t\t\t\t\t\t\t\t\t\n<div id=\"intro\" class=\"nfd-container nfd-p-lg nfd-theme-white nfd-bg-surface is-style-nfd-theme-white wp-block-group is-layout-constrained wp-container-core-group-is-layout-b1ab6e45 wp-block-group-is-layout-constrained\">\n<div class=\"nfd-text-md nfd-gap-2xl wp-block-group is-vertical is-content-justification-center is-layout-flex wp-container-core-group-is-layout-ce155fab wp-block-group-is-layout-flex\">\n<div class=\"wp-block-group is-nowrap is-layout-flex wp-container-core-group-is-layout-6c531013 wp-block-group-is-layout-flex\">\n<div class=\"nfd-rounded-full is-style-nfd-theme-primary wp-block-group is-layout-constrained wp-container-core-group-is-layout-c4486197 wp-block-group-is-layout-constrained\" style=\"padding: 6px 16px 6px 16px;\">\n<p class=\"nfd-text-sm\" style=\"font-style: normal; font-weight: 600; text-transform: uppercase;\">NUESTRO TRABAJO<\/p>\n<\/div>\n<\/div>\n\n<h1 class=\"nfd-text-giga nfd-text-contrast nfd-text-balance wp-block-heading has-text-align-center\">Transforme la luz en ahorro. \u00a1Aprovecha la energ\u00eda solar!<\/h1>\n\n<p class=\"nfd-text-balance nfd-text-faded has-text-align-center\">En un mundo en el que las facturas de energ\u00eda no dejan de subir, invertir en paneles solares es la decisi\u00f3n m\u00e1s inteligente que puede tomar. Al aprovechar la energ\u00eda del sol, no solo reduces tus gastos mensuales, sino que tambi\u00e9n te proteges de las fluctuaciones del mercado.<\/p>\n\n<ul class=\"wp-block-list\">\n<li class=\"\">Con un sistema solar, cada rayo de sol que capta se traduce en ahorro para su bolsillo.<\/li>\n<\/ul>\n\n<ul class=\"wp-block-list\">\n<li class=\"\">CABO-G Power se especializa en crear el mejor sistema para sus necesidades el\u00e9ctricas. A continuaci\u00f3n encontrar\u00e1 el proceso de instalaci\u00f3n.<\/li>\n<\/ul>\n\n<div class=\"nfd-text-sm nfd-text-primary nfd-gap-xl wp-block-group is-layout-flex wp-block-group-is-layout-flex\" style=\"font-style: normal; font-weight: 600; text-transform: uppercase;\">\n<p class=\"has-text-align-left\"><strong style=\"margin-right: 4px;\">\u2713 <\/strong>INSTALACI\u00d3N<\/p>\n\n<p class=\"\"><strong style=\"margin-right: 4px;\">\u2713 <\/strong>IMPERMEABILIZACI\u00d3N<\/p>\n\n<p class=\"has-text-align-left\"><strong style=\"margin-right: 4px;\">\u2713 <\/strong>MANTENIMIENTO<\/p>\n\n<p class=\"has-text-align-left\"><strong style=\"margin-right: 4px;\">\u2713 <\/strong>BATER\u00cdA DE RESERVA<\/p>\n<\/div>\n<\/div>\n\n<div class=\"nfd-gap-lg wp-block-columns is-layout-flex wp-container-core-columns-is-layout-28f84493 wp-block-columns-is-layout-flex\">\n<div class=\"wp-block-column is-layout-flow wp-block-column-is-layout-flow\">\n<figure class=\"wp-block-image size-large\"><img fetchpriority=\"high\" decoding=\"async\" data-recalc-dims=\"1\" height=\"768\" width=\"1024\" class=\"wp-image-208\" style=\"aspect-ratio: 4\/3; object-fit: cover;\" src=\"https:\/\/i0.wp.com\/cabogpower.com\/wp-content\/uploads\/2024\/09\/IMG_1145.jpg?resize=1024%2C768&#038;ssl=1\" alt=\"\" \/><\/figure>\n<\/div>\n\n<div class=\"wp-block-column is-layout-flow wp-block-column-is-layout-flow\">\n<figure class=\"wp-block-image size-large\"><img decoding=\"async\" data-recalc-dims=\"1\" height=\"1024\" width=\"472\" class=\"wp-image-209\" style=\"aspect-ratio: 4\/3; object-fit: cover;\" src=\"https:\/\/i0.wp.com\/cabogpower.com\/wp-content\/uploads\/2024\/09\/IMG_1783.png?resize=472%2C1024&#038;ssl=1\" alt=\"\" srcset=\"https:\/\/i0.wp.com\/cabogpower.com\/wp-content\/uploads\/2024\/09\/IMG_1783.png?w=1179&amp;ssl=1 1179w, https:\/\/i0.wp.com\/cabogpower.com\/wp-content\/uploads\/2024\/09\/IMG_1783.png?resize=138%2C300&amp;ssl=1 138w, https:\/\/i0.wp.com\/cabogpower.com\/wp-content\/uploads\/2024\/09\/IMG_1783.png?resize=472%2C1024&amp;ssl=1 472w, https:\/\/i0.wp.com\/cabogpower.com\/wp-content\/uploads\/2024\/09\/IMG_1783.png?resize=768%2C1665&amp;ssl=1 768w, https:\/\/i0.wp.com\/cabogpower.com\/wp-content\/uploads\/2024\/09\/IMG_1783.png?resize=709%2C1536&amp;ssl=1 709w, https:\/\/i0.wp.com\/cabogpower.com\/wp-content\/uploads\/2024\/09\/IMG_1783.png?resize=945%2C2048&amp;ssl=1 945w, https:\/\/i0.wp.com\/cabogpower.com\/wp-content\/uploads\/2024\/09\/IMG_1783.png?resize=600%2C1301&amp;ssl=1 600w\" sizes=\"(max-width: 472px) 100vw, 472px\" \/><\/figure>\n<\/div>\n\n<div class=\"wp-block-column is-layout-flow wp-block-column-is-layout-flow\">\n<figure class=\"wp-block-image size-large\"><img decoding=\"async\" data-recalc-dims=\"1\" height=\"1024\" width=\"768\" class=\"wp-image-210\" style=\"aspect-ratio: 4\/3; object-fit: cover;\" src=\"https:\/\/i0.wp.com\/cabogpower.com\/wp-content\/uploads\/2024\/09\/IMG_1305.jpg?resize=768%2C1024&#038;ssl=1\" alt=\"\" \/><\/figure>\n<\/div>\n<\/div>\n<hr class=\"is-style-wide wp-block-separator has-alpha-channel-opacity\" \/><\/div>\n\n<div class=\"nfd-container nfd-p-lg nfd-theme-white nfd-bg-surface is-style-nfd-theme-white wp-block-group is-layout-constrained wp-block-group-is-layout-constrained\">\n<div class=\"nfd-gap-3xl nfd-gap-y-2xl wp-block-columns are-vertically-aligned-center is-layout-flex wp-container-core-columns-is-layout-28f84493 wp-block-columns-is-layout-flex\">\n<div class=\"wp-block-column is-vertically-aligned-center is-layout-flow wp-container-core-column-is-layout-8a368f38 wp-block-column-is-layout-flow\">\n<div class=\"wp-block-group is-layout-constrained wp-block-group-is-layout-constrained\">\n<figure class=\"wp-block-image\"><img decoding=\"async\" data-recalc-dims=\"1\" class=\"wp-image-472\" src=\"https:\/\/i0.wp.com\/cabogpower.com\/wp-content\/uploads\/2024\/10\/Captura-de-pantalla-2024-10-16-a-las-9.59.26%E2%80%AFa.m.png?ssl=1\" alt=\"\" \/><\/figure>\n<\/div>\n<\/div>\n\n<div class=\"md:nfd-order-2 wp-block-column is-vertically-aligned-center is-layout-flow wp-block-column-is-layout-flow\" style=\"flex-basis: 40%;\">\n<div class=\"nfd-gap-2xl wp-block-group is-vertical is-layout-flex wp-container-core-group-is-layout-fe9cc265 wp-block-group-is-layout-flex\">\n<h3 class=\"nfd-text-xl nfd-text-contrast nfd-text-balance wp-block-heading\">\u00a1P\u00e1sate hoy mismo a la energ\u00eda solar!<\/h3>\n\n<p class=\"nfd-text-balance\">Pasarse a la energ\u00eda solar no es s\u00f3lo una inversi\u00f3n en su propiedad; es un compromiso con un futuro sostenible.<\/p>\n\n<p class=\"nfd-text-balance\">Nuestro equipo de expertos le guiar\u00e1 en cada paso del proceso de instalaci\u00f3n, desde la consulta inicial y la meticulosa preparaci\u00f3n del tejado hasta la inspecci\u00f3n final de su sistema de paneles solares de \u00faltima generaci\u00f3n.<\/p>\n\n<div class=\"wp-block-columns is-layout-flex wp-container-core-columns-is-layout-28f84493 wp-block-columns-is-layout-flex\">\n<div class=\"wp-block-column is-layout-flow wp-block-column-is-layout-flow\" style=\"flex-basis: 100%;\">\n<p class=\"nfd-text-balance\">Dise\u00f1amos cada instalaci\u00f3n para maximizar la eficiencia energ\u00e9tica, ayud\u00e1ndole a ahorrar en las facturas de electricidad al tiempo que reduce su huella de carbono.<\/p>\n<\/div>\n<\/div>\n\n<div class=\"wp-block-columns is-layout-flex wp-container-core-columns-is-layout-e0dca8c8 wp-block-columns-is-layout-flex\">\n<div class=\"wp-block-column is-layout-flow wp-block-column-is-layout-flow\">\u00a0<\/div>\n\n<div class=\"wp-block-column is-layout-flow wp-block-column-is-layout-flow\">\u00a0<\/div>\n\n<div class=\"wp-block-column is-layout-flow wp-block-column-is-layout-flow\">\u00a0<\/div>\n<\/div>\n<hr class=\"is-style-wide wp-block-separator has-alpha-channel-opacity\" \/><\/div>\n<\/div>\n<\/div>\n<\/div>\n\n<div class=\"nfd-container nfd-pb-lg nfd-theme-white nfd-bg-surface is-style-nfd-theme-white wp-block-group is-layout-constrained wp-block-group-is-layout-constrained\">\n<div class=\"nfd-gap-3xl nfd-gap-y-2xl wp-block-columns are-vertically-aligned-center is-layout-flex wp-container-core-columns-is-layout-28f84493 wp-block-columns-is-layout-flex\">\n<div class=\"md:nfd-order-2 wp-block-column is-vertically-aligned-center is-layout-flow wp-block-column-is-layout-flow\" style=\"flex-basis: 40%;\">\n<div class=\"nfd-gap-lg wp-block-group is-vertical is-layout-flex wp-container-core-group-is-layout-fe9cc265 wp-block-group-is-layout-flex\">\n<h3 class=\"nfd-text-xl nfd-text-contrast nfd-text-balance wp-block-heading\">\u00bfPor qu\u00e9 elegirnos?<\/h3>\n\n<p class=\"nfd-text-balance\">En CABO-G Power, nuestro equipo de expertos se dedica a ofrecer excepcionales instalaciones de paneles solares adaptados a sus necesidades en Baja california Sur. Con un compromiso de calidad y precisi\u00f3n, nos aseguramos de que cada paso del proceso se maneja con cuidado y profesionalismo.<\/p>\n\n<p class=\"nfd-text-balance\">Nuestros experimentados profesionales trabajan con diligencia para alcanzar sus objetivos, maximizando la eficiencia energ\u00e9tica y ahorr\u00e1ndole dinero en las facturas de electricidad.<\/p>\n\n<div class=\"wp-block-buttons is-layout-flex wp-block-buttons-is-layout-flex\">\n<div class=\"nfd-btn-lg wp-block-button\"><a class=\"wp-block-button__link wp-element-button\" href=\"https:\/\/cabogpower.com\/es\/quotation\/\">Empezar ahora<\/a><\/div>\n<\/div>\n\n<div class=\"wp-block-spacer wp-container-content-9760934e\" style=\"height: 0px;\" aria-hidden=\"true\">\u00a0<\/div>\n<hr class=\"is-style-wide wp-block-separator has-alpha-channel-opacity\" \/>\n<div class=\"nfd-gap-md wp-block-group is-vertical is-layout-flex wp-container-core-group-is-layout-fe9cc265 wp-block-group-is-layout-flex\">\n<div class=\"nfd-max-w-prose nfd-gap-lg wp-block-group is-vertical is-layout-flex wp-container-core-group-is-layout-fe9cc265 wp-block-group-is-layout-flex\">\n<div class=\"wp-block-columns is-layout-flex wp-container-core-columns-is-layout-28f84493 wp-block-columns-is-layout-flex\">\n<div class=\"wp-block-column is-layout-flow wp-block-column-is-layout-flow\" style=\"flex-basis: 100%;\">\n<div class=\"wp-block-group is-vertical is-layout-flex wp-container-core-group-is-layout-fe9cc265 wp-block-group-is-layout-flex\" style=\"font-style: normal; font-weight: 500;\">\n<pre class=\"nfd-text-pretty wp-block-verse\">\u2713 Planificaci\u00f3n y dise\u00f1o del trazado de la instalaci\u00f3n solar.<br \/>\u2713 Preparaci\u00f3n del techo<br \/>\u2713 Montaje de inversores y equipos<br \/>\u2713 Instalaci\u00f3n de estructura y tuber\u00edas<br \/>\u2713 Montaje de paneles solares<br \/>\u2713 Programaci\u00f3n del inversor<br \/><br \/>                                           <\/pre>\n<\/div>\n<\/div>\n<\/div>\n<\/div>\n<\/div>\n<\/div>\n<\/div>\n\n<div class=\"wp-block-column is-vertically-aligned-center is-layout-flow wp-container-core-column-is-layout-8a368f38 wp-block-column-is-layout-flow\">\n<div class=\"wp-block-cover is-light has-custom-content-position is-position-bottom-right\" style=\"min-height: 500px; padding: 0px 24px 0px 24px;aspect-ratio:unset;\"><img loading=\"lazy\" decoding=\"async\" width=\"1440\" height=\"2560\" data-recalc-dims=\"1\" class=\"wp-block-cover__image-background wp-image-216\" src=\"https:\/\/i0.wp.com\/cabogpower.com\/wp-content\/uploads\/2024\/09\/D975F9AA-D800-46E4-AEFF-AA1EE3383E8C-scaled.jpg?ssl=1\" alt=\"\" data-object-fit=\"cover\" srcset=\"https:\/\/i0.wp.com\/cabogpower.com\/wp-content\/uploads\/2024\/09\/D975F9AA-D800-46E4-AEFF-AA1EE3383E8C-scaled.jpg?w=1440&amp;ssl=1 1440w, https:\/\/i0.wp.com\/cabogpower.com\/wp-content\/uploads\/2024\/09\/D975F9AA-D800-46E4-AEFF-AA1EE3383E8C-scaled.jpg?resize=169%2C300&amp;ssl=1 169w, https:\/\/i0.wp.com\/cabogpower.com\/wp-content\/uploads\/2024\/09\/D975F9AA-D800-46E4-AEFF-AA1EE3383E8C-scaled.jpg?resize=576%2C1024&amp;ssl=1 576w, https:\/\/i0.wp.com\/cabogpower.com\/wp-content\/uploads\/2024\/09\/D975F9AA-D800-46E4-AEFF-AA1EE3383E8C-scaled.jpg?resize=768%2C1365&amp;ssl=1 768w, https:\/\/i0.wp.com\/cabogpower.com\/wp-content\/uploads\/2024\/09\/D975F9AA-D800-46E4-AEFF-AA1EE3383E8C-scaled.jpg?resize=864%2C1536&amp;ssl=1 864w, https:\/\/i0.wp.com\/cabogpower.com\/wp-content\/uploads\/2024\/09\/D975F9AA-D800-46E4-AEFF-AA1EE3383E8C-scaled.jpg?resize=1152%2C2048&amp;ssl=1 1152w, https:\/\/i0.wp.com\/cabogpower.com\/wp-content\/uploads\/2024\/09\/D975F9AA-D800-46E4-AEFF-AA1EE3383E8C-scaled.jpg?resize=600%2C1067&amp;ssl=1 600w\" sizes=\"(max-width: 1000px) 100vw, 1000px\" \/>\n<div class=\"wp-block-cover__inner-container is-layout-flow wp-block-cover-is-layout-flow\">\n<p class=\"has-text-align-center has-large-font-size\">\u00a0<\/p>\n<\/div>\n<\/div>\n<\/div>\n<\/div>\n<\/div>\n\n<div class=\"nfd-pt-lg nfd-theme-dark nfd-bg-surface nfd-wb-hero__hero-11 is-style-nfd-theme-dark wp-block-group alignfull nfd-bg-effect-grid-3 is-layout-constrained wp-block-group-is-layout-constrained\">\n<div class=\"nfd-container wp-block-group is-layout-constrained wp-block-group-is-layout-constrained\">\n<div class=\"nfd-gap-2xl nfd-gap-y-lg wp-block-columns is-layout-flex wp-container-core-columns-is-layout-6127943d wp-block-columns-is-layout-flex\">\n<div class=\"wp-block-column is-vertically-aligned-center is-layout-flow wp-block-column-is-layout-flow\">\n<blockquote class=\"wp-block-quote is-layout-flow wp-block-quote-is-layout-flow\">\n<h1 class=\"nfd-text-giga nfd-text-contrast nfd-text-balance wp-block-heading\">Supervise su sistema<\/h1>\n\n<p class=\"nfd-text-md nfd-text-balance nfd-text-faded\"><strong>Somos conscientes de la importancia de tener un control total sobre su sistema de energ\u00eda solar. Por eso ofrecemos una soluci\u00f3n de monitorizaci\u00f3n f\u00e1cil y accesible a trav\u00e9s de una app o de tu computadora.<\/strong><\/p>\n<\/blockquote>\n<\/div>\n\n<div class=\"wp-block-column is-vertically-aligned-center is-layout-flow wp-block-column-is-layout-flow\" style=\"flex-basis: 300px;\">\n<div class=\"nfd-gap-xl wp-block-group is-vertical is-layout-flex wp-container-core-group-is-layout-fe9cc265 wp-block-group-is-layout-flex\">\n<ul class=\"wp-block-list\">\n<li class=\"\">Vea el rendimiento en tiempo real<\/li>\n\n<li class=\"\">Historia de la generaci\u00f3n<\/li>\n\n<li class=\"\">Alertas y notificaciones<\/li>\n\n<li class=\"\">Optimizaci\u00f3n del consumo<\/li>\n<\/ul>\n<\/div>\n<\/div>\n<\/div>\n<\/div>\n\n<div class=\"wp-block-group alignfull is-content-justification-center is-nowrap is-layout-flex wp-container-core-group-is-layout-bcf5fd3f wp-block-group-is-layout-flex\" style=\"padding: 0;\">\n<figure class=\"is-style-rectangular wp-block-image size-large\"><img loading=\"lazy\" decoding=\"async\" data-recalc-dims=\"1\" height=\"449\" width=\"1024\" class=\"wp-image-482\" src=\"https:\/\/i0.wp.com\/cabogpower.com\/wp-content\/uploads\/2024\/10\/Captura-de-pantalla-2024-10-16-a-las-11.04.56%E2%80%AFa.m.png?resize=1024%2C449&#038;ssl=1\" alt=\"\" \/><\/figure>\n<\/div>\n\n<div class=\"wp-block-spacer\" style=\"height: 48px;\" aria-hidden=\"true\">\u00a0<\/div>\n<\/div>\n\n<div id=\"testimonials\" class=\"nfd-my-0 nfd-container nfd-pt-md nfd-pb-lg wp-block-group alignfull has-black-color has-white-background-color has-text-color has-background is-layout-flow wp-container-core-group-is-layout-f6422989 wp-block-group-is-layout-flow\">\n<div class=\"nfd-gap-xl wp-block-group is-vertical is-content-justification-center is-layout-flex wp-container-core-group-is-layout-ce155fab wp-block-group-is-layout-flex\">\n<h2 class=\"nfd-text-contrast nfd-text-giga nfd-text-balance wp-block-heading has-text-align-center\" style=\"font-style: normal; font-weight: 500;\">Lo que dicen nuestros clientes<\/h2>\n<\/div>\n\n<div class=\"nfd-rounded-lg nfd-overflow-hidden wp-block-columns is-layout-flex wp-container-core-columns-is-layout-2b7f8edc wp-block-columns-is-layout-flex\" style=\"padding: 0;\">\n<div class=\"wp-block-column is-vertically-aligned-stretch is-layout-flow wp-block-column-is-layout-flow\" style=\"padding: 0;\">\n<div class=\"wp-block-group is-vertical is-content-justification-stretch is-layout-flex wp-container-core-group-is-layout-353c4f5a wp-block-group-is-layout-flex\" style=\"min-height: 100%;\">\n<figure class=\"wp-block-image size-full\"><img loading=\"lazy\" decoding=\"async\" width=\"980\" height=\"980\" data-recalc-dims=\"1\" class=\"wp-image-224\" src=\"https:\/\/i0.wp.com\/cabogpower.com\/wp-content\/uploads\/2024\/09\/usuario.jpg?ssl=1\" alt=\"\" srcset=\"https:\/\/i0.wp.com\/cabogpower.com\/wp-content\/uploads\/2024\/09\/usuario.jpg?w=980&amp;ssl=1 980w, https:\/\/i0.wp.com\/cabogpower.com\/wp-content\/uploads\/2024\/09\/usuario.jpg?resize=300%2C300&amp;ssl=1 300w, https:\/\/i0.wp.com\/cabogpower.com\/wp-content\/uploads\/2024\/09\/usuario.jpg?resize=150%2C150&amp;ssl=1 150w, https:\/\/i0.wp.com\/cabogpower.com\/wp-content\/uploads\/2024\/09\/usuario.jpg?resize=768%2C768&amp;ssl=1 768w, https:\/\/i0.wp.com\/cabogpower.com\/wp-content\/uploads\/2024\/09\/usuario.jpg?resize=600%2C600&amp;ssl=1 600w\" sizes=\"(max-width: 980px) 100vw, 980px\" \/><\/figure>\n<\/div>\n<\/div>\n\n<div class=\"wp-block-column is-vertically-aligned-stretch is-layout-flow wp-container-core-column-is-layout-8a368f38 wp-block-column-is-layout-flow\">\n<div class=\"nfd-text-lg nfd-p-card-lg is-style-nfd-theme-dark wp-block-group is-vertical is-layout-flex wp-container-core-group-is-layout-d6b9ab57 wp-block-group-is-layout-flex\" style=\"min-height: 100%; font-style: normal; font-weight: 400; line-height: 1.3;\">\n<div class=\"nfd-text-balance wp-block-group is-vertical is-layout-flex wp-container-core-group-is-layout-fe9cc265 wp-block-group-is-layout-flex\">\n<p class=\"nfd-text-md has-text-color\" style=\"color: #fab906; letter-spacing: 2px;\">\u2605\u2605\u2605\u2605\u2605<\/p>\n\n<p class=\"\">\u00a1Incre\u00edble trabajo!<\/p>\n<\/div>\n\n<div class=\"wp-block-spacer wp-container-content-9760934e\" style=\"height: 0px;\" aria-hidden=\"true\">\u00a0<\/div>\n\n<div class=\"nfd-text-md nfd-gap-0 wp-block-group is-vertical is-layout-flex wp-container-core-group-is-layout-fe9cc265 wp-block-group-is-layout-flex\">\n<p class=\"\">Darren Angus<\/p>\n\n<p class=\"nfd-text-sm nfd-text-faded\">Propietario del Pedregal.<\/p>\n<\/div>\n<\/div>\n<\/div>\n<\/div>\n<\/div>\n\t\t\t\t\t\t\t\t<\/div>\n\t\t\t\t<\/div>\n\t\t\t\t\t<\/div>\n\t\t\t\t<\/div>\n\t\t\t\t<\/div>","protected":false},"excerpt":{"rendered":"<p>OUR WORK Transform light into savings. Take advantage of solar power! In a world where energy bills keep rising, investing in solar panels is the smartest decision you can make. By harnessing the power of the sun, you not only reduce your monthly costs but also shield yourself from market fluctuations. \u2713 INSTALLATION \u2713 WATERPROOFING [&hellip;]<\/p>\n","protected":false},"author":1,"featured_media":0,"parent":0,"menu_order":0,"comment_status":"closed","ping_status":"closed","template":"no-title","meta":{"nf_dc_page":"","om_disable_all_campaigns":false,"_monsterinsights_skip_tracking":false,"_monsterinsights_sitenote_active":false,"_monsterinsights_sitenote_note":"","_monsterinsights_sitenote_category":0,"footnotes":""},"class_list":["post-199","page","type-page","status-publish","hentry"],"jetpack_sharing_enabled":true,"_links":{"self":[{"href":"https:\/\/cabogpower.com\/es\/wp-json\/wp\/v2\/pages\/199","targetHints":{"allow":["GET"]}}],"collection":[{"href":"https:\/\/cabogpower.com\/es\/wp-json\/wp\/v2\/pages"}],"about":[{"href":"https:\/\/cabogpower.com\/es\/wp-json\/wp\/v2\/types\/page"}],"author":[{"embeddable":true,"href":"https:\/\/cabogpower.com\/es\/wp-json\/wp\/v2\/users\/1"}],"replies":[{"embeddable":true,"href":"https:\/\/cabogpower.com\/es\/wp-json\/wp\/v2\/comments?post=199"}],"version-history":[{"count":20,"href":"https:\/\/cabogpower.com\/es\/wp-json\/wp\/v2\/pages\/199\/revisions"}],"predecessor-version":[{"id":505,"href":"https:\/\/cabogpower.com\/es\/wp-json\/wp\/v2\/pages\/199\/revisions\/505"}],"wp:attachment":[{"href":"https:\/\/cabogpower.com\/es\/wp-json\/wp\/v2\/media?parent=199"}],"curies":[{"name":"wp","href":"https:\/\/api.w.org\/{rel}","templated":true}]}}