{"id":415,"date":"2024-10-14T23:46:06","date_gmt":"2024-10-14T23:46:06","guid":{"rendered":"https:\/\/cabogpower.com\/?page_id=415"},"modified":"2025-01-10T20:11:56","modified_gmt":"2025-01-10T20:11:56","slug":"villa-del-alba","status":"publish","type":"page","link":"https:\/\/cabogpower.com\/es\/villa-del-alba\/","title":{"rendered":"Villa del Alba"},"content":{"rendered":"<div data-elementor-type=\"wp-page\" data-elementor-id=\"415\" class=\"elementor elementor-415\">\n\t\t\t\t<div class=\"elementor-element elementor-element-bd2a35c e-grid e-con-boxed e-con e-parent\" data-id=\"bd2a35c\" data-element_type=\"container\" data-e-type=\"container\">\n\t\t\t\t\t<div class=\"e-con-inner\">\n\t\t\t\t<div class=\"elementor-element elementor-element-79ddfc3 elementor-widget elementor-widget-image\" data-id=\"79ddfc3\" data-element_type=\"widget\" data-e-type=\"widget\" data-widget_type=\"image.default\">\n\t\t\t\t<div class=\"elementor-widget-container\">\n\t\t\t\t\t\t\t\t\t\t\t\t\t\t\t<img fetchpriority=\"high\" decoding=\"async\" width=\"1024\" height=\"768\" src=\"https:\/\/i0.wp.com\/cabogpower.com\/wp-content\/uploads\/2024\/10\/IMG_1981-scaled.jpeg?fit=1024%2C768&amp;ssl=1\" class=\"attachment-large size-large wp-image-365\" alt=\"\" srcset=\"https:\/\/i0.wp.com\/cabogpower.com\/wp-content\/uploads\/2024\/10\/IMG_1981-scaled.jpeg?w=2560&amp;ssl=1 2560w, https:\/\/i0.wp.com\/cabogpower.com\/wp-content\/uploads\/2024\/10\/IMG_1981-scaled.jpeg?resize=300%2C225&amp;ssl=1 300w, https:\/\/i0.wp.com\/cabogpower.com\/wp-content\/uploads\/2024\/10\/IMG_1981-scaled.jpeg?resize=1024%2C768&amp;ssl=1 1024w, https:\/\/i0.wp.com\/cabogpower.com\/wp-content\/uploads\/2024\/10\/IMG_1981-scaled.jpeg?resize=768%2C576&amp;ssl=1 768w, https:\/\/i0.wp.com\/cabogpower.com\/wp-content\/uploads\/2024\/10\/IMG_1981-scaled.jpeg?resize=1536%2C1152&amp;ssl=1 1536w, https:\/\/i0.wp.com\/cabogpower.com\/wp-content\/uploads\/2024\/10\/IMG_1981-scaled.jpeg?w=2000&amp;ssl=1 2000w\" sizes=\"(max-width: 1000px) 100vw, 1000px\" \/>\t\t\t\t\t\t\t\t\t\t\t\t\t\t\t<\/div>\n\t\t\t\t<\/div>\n\t\t\t\t<div class=\"elementor-element elementor-element-65af683 elementor-widget elementor-widget-text-editor\" data-id=\"65af683\" data-element_type=\"widget\" data-e-type=\"widget\" data-widget_type=\"text-editor.default\">\n\t\t\t\t<div class=\"elementor-widget-container\">\n\t\t\t\t\t\t\t\t\t<h3>Capacidad del sistema:<\/h3><ul><li>13.5kWh<\/li><\/ul><h3>Equipo:<\/h3><ul><li>(23) Modulos Solares JA 590W<\/li><li>(1) Inversor Sol Ark 12kWp<\/li><li>Estructura personalizada de aluminio anodizado<\/li><\/ul><h3>A\u00f1o de instalaci\u00f3n:<\/h3><ul><li>2024<\/li><\/ul>\t\t\t\t\t\t\t\t<\/div>\n\t\t\t\t<\/div>\n\t\t\t\t\t<\/div>\n\t\t\t\t<\/div>\n\t\t<div class=\"elementor-element elementor-element-bb24d05 e-flex e-con-boxed e-con e-parent\" data-id=\"bb24d05\" data-element_type=\"container\" data-e-type=\"container\">\n\t\t\t\t\t<div class=\"e-con-inner\">\n\t\t\t\t<div class=\"elementor-element elementor-element-ea2400e elementor-widget elementor-widget-text-editor\" data-id=\"ea2400e\" data-element_type=\"widget\" data-e-type=\"widget\" data-widget_type=\"text-editor.default\">\n\t\t\t\t<div class=\"elementor-widget-container\">\n\t\t\t\t\t\t\t\t\t<p>En Villa del Alba, actualmente estamos dise\u00f1ando un sistema de almacenamiento con bater\u00edas, que es un complemento esencial para maximizar la eficiencia energ\u00e9tica.<\/p><p>Se trata de un proyecto en curso en el cual colaboramos estrechamente con nuestro cliente para adaptar el sistema solar a sus necesidades espec\u00edficas.<\/p>\t\t\t\t\t\t\t\t<\/div>\n\t\t\t\t<\/div>\n\t\t\t\t\t<\/div>\n\t\t\t\t<\/div>\n\t\t\t\t<\/div>","protected":false},"excerpt":{"rendered":"<p>System capacity: 13.5kWh Equipment: (23) JA 590W Solar Modules (1) Sol Ark 12kWp Inverter Personalized anodized aluminum structure Year of installation: 2024 At Villa del Alba, we are currently designing a battery storage system, which is an essential addition to maximize energy efficiency. This is an ongoing project were we are closely working with our [&hellip;]<\/p>\n","protected":false},"author":1,"featured_media":0,"parent":0,"menu_order":0,"comment_status":"closed","ping_status":"closed","template":"","meta":{"nf_dc_page":"","om_disable_all_campaigns":false,"_monsterinsights_skip_tracking":false,"_monsterinsights_sitenote_active":false,"_monsterinsights_sitenote_note":"","_monsterinsights_sitenote_category":0,"footnotes":""},"class_list":["post-415","page","type-page","status-publish","hentry"],"jetpack_sharing_enabled":true,"_links":{"self":[{"href":"https:\/\/cabogpower.com\/es\/wp-json\/wp\/v2\/pages\/415","targetHints":{"allow":["GET"]}}],"collection":[{"href":"https:\/\/cabogpower.com\/es\/wp-json\/wp\/v2\/pages"}],"about":[{"href":"https:\/\/cabogpower.com\/es\/wp-json\/wp\/v2\/types\/page"}],"author":[{"embeddable":true,"href":"https:\/\/cabogpower.com\/es\/wp-json\/wp\/v2\/users\/1"}],"replies":[{"embeddable":true,"href":"https:\/\/cabogpower.com\/es\/wp-json\/wp\/v2\/comments?post=415"}],"version-history":[{"count":13,"href":"https:\/\/cabogpower.com\/es\/wp-json\/wp\/v2\/pages\/415\/revisions"}],"predecessor-version":[{"id":518,"href":"https:\/\/cabogpower.com\/es\/wp-json\/wp\/v2\/pages\/415\/revisions\/518"}],"wp:attachment":[{"href":"https:\/\/cabogpower.com\/es\/wp-json\/wp\/v2\/media?parent=415"}],"curies":[{"name":"wp","href":"https:\/\/api.w.org\/{rel}","templated":true}]}}