{"id":429,"date":"2024-10-14T23:52:17","date_gmt":"2024-10-14T23:52:17","guid":{"rendered":"https:\/\/cabogpower.com\/?page_id=429"},"modified":"2024-10-15T21:33:20","modified_gmt":"2024-10-15T21:33:20","slug":"casa-milichichi","status":"publish","type":"page","link":"https:\/\/cabogpower.com\/es\/casa-milichichi\/","title":{"rendered":"Casa Milichichi"},"content":{"rendered":"<div data-elementor-type=\"wp-page\" data-elementor-id=\"429\" class=\"elementor elementor-429\">\n\t\t\t\t<div class=\"elementor-element elementor-element-3eeb83c e-grid e-con-boxed e-con e-parent\" data-id=\"3eeb83c\" data-element_type=\"container\" data-e-type=\"container\">\n\t\t\t\t\t<div class=\"e-con-inner\">\n\t\t\t\t<div class=\"elementor-element elementor-element-af45f71 elementor-widget elementor-widget-image\" data-id=\"af45f71\" data-element_type=\"widget\" data-e-type=\"widget\" data-widget_type=\"image.default\">\n\t\t\t\t<div class=\"elementor-widget-container\">\n\t\t\t\t\t\t\t\t\t\t\t\t\t\t\t<img fetchpriority=\"high\" decoding=\"async\" width=\"1024\" height=\"768\" src=\"https:\/\/i0.wp.com\/cabogpower.com\/wp-content\/uploads\/2024\/10\/DJI_0586-9-scaled.jpg?fit=1024%2C768&amp;ssl=1\" class=\"attachment-large size-large wp-image-348\" alt=\"\" srcset=\"https:\/\/i0.wp.com\/cabogpower.com\/wp-content\/uploads\/2024\/10\/DJI_0586-9-scaled.jpg?w=2560&amp;ssl=1 2560w, https:\/\/i0.wp.com\/cabogpower.com\/wp-content\/uploads\/2024\/10\/DJI_0586-9-scaled.jpg?resize=300%2C225&amp;ssl=1 300w, https:\/\/i0.wp.com\/cabogpower.com\/wp-content\/uploads\/2024\/10\/DJI_0586-9-scaled.jpg?resize=1024%2C768&amp;ssl=1 1024w, https:\/\/i0.wp.com\/cabogpower.com\/wp-content\/uploads\/2024\/10\/DJI_0586-9-scaled.jpg?resize=768%2C576&amp;ssl=1 768w, https:\/\/i0.wp.com\/cabogpower.com\/wp-content\/uploads\/2024\/10\/DJI_0586-9-scaled.jpg?resize=1536%2C1152&amp;ssl=1 1536w, https:\/\/i0.wp.com\/cabogpower.com\/wp-content\/uploads\/2024\/10\/DJI_0586-9-scaled.jpg?w=2000&amp;ssl=1 2000w\" sizes=\"(max-width: 1000px) 100vw, 1000px\" \/>\t\t\t\t\t\t\t\t\t\t\t\t\t\t\t<\/div>\n\t\t\t\t<\/div>\n\t\t\t\t<div class=\"elementor-element elementor-element-44730b9 elementor-widget elementor-widget-text-editor\" data-id=\"44730b9\" data-element_type=\"widget\" data-e-type=\"widget\" data-widget_type=\"text-editor.default\">\n\t\t\t\t<div class=\"elementor-widget-container\">\n\t\t\t\t\t\t\t\t\t<h3>Capacidad del sistema:<\/h3><ul><li>26.6 kWh<\/li><\/ul><h3>Equipo:<\/h3><ul><li>(40) M\u00f3dulos Solares RISEN 665W\u00a0<\/li><li>(2) Inversores Sol-Ark 15kWp<\/li><li>(6) Bater\u00edas EG4 Wallmount 14.3kW<\/li><li>Estructura personalizada de K2 Systems<\/li><\/ul><h3>A\u00f1o de instalaci\u00f3n:<\/h3><ul><li>2024<\/li><\/ul>\t\t\t\t\t\t\t\t<\/div>\n\t\t\t\t<\/div>\n\t\t\t\t\t<\/div>\n\t\t\t\t<\/div>\n\t\t<div class=\"elementor-element elementor-element-0843a86 e-flex e-con-boxed e-con e-parent\" data-id=\"0843a86\" data-element_type=\"container\" data-e-type=\"container\">\n\t\t\t\t\t<div class=\"e-con-inner\">\n\t\t\t\t<div class=\"elementor-element elementor-element-554ddd9 elementor-widget elementor-widget-text-editor\" data-id=\"554ddd9\" data-element_type=\"widget\" data-e-type=\"widget\" data-widget_type=\"text-editor.default\">\n\t\t\t\t<div class=\"elementor-widget-container\">\n\t\t\t\t\t\t\t\t\t<p>La instalaci\u00f3n solar en Casa Milichichi fue un proyecto que requiri\u00f3 mucha mano de obra e incluy\u00f3 una cuidadosa preparaci\u00f3n para colgar inversores, centros de carga y seccionadores. La perforaci\u00f3n de la pared ten\u00eda que evitar da\u00f1os a las tuber\u00edas ocultas, y el refuerzo con concreto para garantizar un soporte s\u00f3lido.<\/p><p>Se instal\u00f3 un interruptor de transferencia de desv\u00edo, que permite la conexi\u00f3n a la red el\u00e9ctrica en caso de fallo del inversor, garantizando as\u00ed un suministro el\u00e9ctrico continuo. Adem\u00e1s, se impermeabiliz\u00f3 el tejado para garantizar la fijaci\u00f3n duradera de la estructura de los paneles.<\/p><p>Este proyecto destac\u00f3 nuestro compromiso con la calidad y la atenci\u00f3n al detalle, con una transici\u00f3n eficaz a la energ\u00eda solar para nuestro cliente.<\/p>\t\t\t\t\t\t\t\t<\/div>\n\t\t\t\t<\/div>\n\t\t\t\t\t<\/div>\n\t\t\t\t<\/div>\n\t\t\t\t<\/div>","protected":false},"excerpt":{"rendered":"<p>System capacity: 26.6 kWh Equipment: (40) RISEN 665W Solar Modules\u00a0 (2) Sol-Ark 15kWp Inverters (6) EG4 Wallmount 14.3kW Batteries K2 Systems Personalized Structure Year of installation: 2024 The solar installation at Casa Milichichi was a labor-intensive project which included careful preparation for hanging inverters, load centers and disconnectors. Wall drilling had to avoid damage to [&hellip;]<\/p>\n","protected":false},"author":1,"featured_media":0,"parent":0,"menu_order":0,"comment_status":"closed","ping_status":"closed","template":"","meta":{"nf_dc_page":"","om_disable_all_campaigns":false,"_monsterinsights_skip_tracking":false,"_monsterinsights_sitenote_active":false,"_monsterinsights_sitenote_note":"","_monsterinsights_sitenote_category":0,"footnotes":""},"class_list":["post-429","page","type-page","status-publish","hentry"],"jetpack_sharing_enabled":true,"_links":{"self":[{"href":"https:\/\/cabogpower.com\/es\/wp-json\/wp\/v2\/pages\/429","targetHints":{"allow":["GET"]}}],"collection":[{"href":"https:\/\/cabogpower.com\/es\/wp-json\/wp\/v2\/pages"}],"about":[{"href":"https:\/\/cabogpower.com\/es\/wp-json\/wp\/v2\/types\/page"}],"author":[{"embeddable":true,"href":"https:\/\/cabogpower.com\/es\/wp-json\/wp\/v2\/users\/1"}],"replies":[{"embeddable":true,"href":"https:\/\/cabogpower.com\/es\/wp-json\/wp\/v2\/comments?post=429"}],"version-history":[{"count":16,"href":"https:\/\/cabogpower.com\/es\/wp-json\/wp\/v2\/pages\/429\/revisions"}],"predecessor-version":[{"id":471,"href":"https:\/\/cabogpower.com\/es\/wp-json\/wp\/v2\/pages\/429\/revisions\/471"}],"wp:attachment":[{"href":"https:\/\/cabogpower.com\/es\/wp-json\/wp\/v2\/media?parent=429"}],"curies":[{"name":"wp","href":"https:\/\/api.w.org\/{rel}","templated":true}]}}